{"id":689,"date":"2025-01-13T12:04:51","date_gmt":"2025-01-13T11:04:51","guid":{"rendered":"https:\/\/www.gradientsolutions.io\/?page_id=689"},"modified":"2025-01-14T10:26:02","modified_gmt":"2025-01-14T09:26:02","slug":"impressum","status":"publish","type":"page","link":"https:\/\/www.gradientsolutions.io\/de\/impressum\/","title":{"rendered":"Impressum"},"content":{"rendered":"<p>[et_pb_section fb_built=&#8221;1&#8243; _builder_version=&#8221;4.27.2&#8243; _module_preset=&#8221;default&#8221; global_colors_info=&#8221;{}&#8221;][et_pb_row _builder_version=&#8221;4.27.2&#8243; _module_preset=&#8221;default&#8221; global_colors_info=&#8221;{}&#8221;][et_pb_column type=&#8221;4_4&#8243; _builder_version=&#8221;4.27.2&#8243; _module_preset=&#8221;default&#8221; global_colors_info=&#8221;{}&#8221;][et_pb_text _builder_version=&#8221;4.27.2&#8243; _module_preset=&#8221;default&#8221; text_font_size=&#8221;17px&#8221; global_colors_info=&#8221;{}&#8221;]<\/p>\n<h2 style=\"font-weight: 400;\">Impressum<\/h2>\n<p style=\"font-weight: 400;\">\n<p style=\"font-weight: 400;\">Gradient Solutions GmbH<\/p>\n<p style=\"font-weight: 400;\">\n<p style=\"font-weight: 400;\">Begleitung und Umsetzung von IT-Projekten<\/p>\n<p style=\"font-weight: 400;\">UID-Nr: ATU79080815<\/p>\n<p style=\"font-weight: 400;\">FN: 598880g<\/p>\n<p style=\"font-weight: 400;\">Handelsgericht Wien<\/p>\n<p style=\"font-weight: 400;\">\n<p style=\"font-weight: 400;\">Sitz: 1020 Wien<\/p>\n<p style=\"font-weight: 400;\"><span>Aloisgasse 3 \/ 1-2<\/span><\/p>\n<p style=\"font-weight: 400;\">Tel: +43 69911843348<\/p>\n<p style=\"font-weight: 400;\">E-Mail: <a href=\"mailto:sascha.ungar@gradientsolutions.io\">info@gradientsolutions.io<\/a><\/p>\n<p style=\"font-weight: 400;\">\n<p style=\"font-weight: 400;\">Mitglied der WK\u00d6, UBIT<\/p>\n<p style=\"font-weight: 400;\">Gewerbeordnung: <a href=\"http:\/\/www.ris.bka.gv.at\/\">www.ris.bka.gv.at<\/a><\/p>\n<p style=\"font-weight: 400;\">\n<p style=\"font-weight: 400;\">Trotz sorgf\u00e4ltiger Pr\u00fcfung \u00fcbernehmen wir keine Verantwortung f\u00fcr die Inhalte externer Links. Die Betreiber der verlinkten Seiten sind allein f\u00fcr deren Inhalte verantwortlich.<\/p>\n<p style=\"font-weight: 400;\">\n<p style=\"font-weight: 400;\">Die Texte und Bilder auf dieser Website sind durch das Urheberschutzgesetz gesch\u00fctzt und d\u00fcrfen ohne vorherige Genehmigung weder kopiert noch ver\u00f6ffentlicht werden. Trotz sorgf\u00e4ltiger Pr\u00fcfung der Inhalte der Webseite kann daf\u00fcr keine Garantie \u00fcbernommen werden. F\u00fcr Personen-, Sach- und Verm\u00f6genssch\u00e4den wird von Gradient Solutions und ihren Beauftragten keine Haftung \u00fcbernommen.<\/p>\n<p style=\"font-weight: 400;\">\n<p style=\"font-weight: 400;\">Verbraucher haben die M\u00f6glichkeit, Beschwerden an die Online-Streitbeilegungsplattform der EU zu richten: http:\/\/ec.europa.eu\/odr. Sie k\u00f6nnen allf\u00e4llige Beschwerde auch an die oben angegebene E-Mail-Adresse richten.<\/p>\n<p style=\"font-weight: 400;\">\n<p style=\"font-weight: 400;\">Gesch\u00e4ftsf\u00fchrer: Sascha Ungar<\/p>\n<p style=\"font-weight: 400;\">\n<p style=\"font-weight: 400;\">Die Webseite informiert \u00fcber T\u00e4tigkeiten der Gradient Solutions GmbH und beratet in Themen der IT.<\/p>\n<p>[\/et_pb_text][\/et_pb_column][\/et_pb_row][\/et_pb_section]<\/p>\n","protected":false},"excerpt":{"rendered":"<p>Impressum Gradient Solutions GmbH Begleitung und Umsetzung von IT-Projekten UID-Nr: ATU79080815 FN: 598880g Handelsgericht Wien Sitz: 1020 Wien Aloisgasse 3 \/ 1-2 Tel: +43 69911843348 E-Mail: info@gradientsolutions.io Mitglied der WK\u00d6, UBIT Gewerbeordnung: www.ris.bka.gv.at Trotz sorgf\u00e4ltiger Pr\u00fcfung \u00fcbernehmen wir keine Verantwortung f\u00fcr die Inhalte externer Links. Die Betreiber der verlinkten Seiten sind allein f\u00fcr deren Inhalte [&hellip;]<\/p>\n","protected":false},"author":2,"featured_media":0,"parent":0,"menu_order":0,"comment_status":"closed","ping_status":"closed","template":"","meta":{"_et_pb_use_builder":"on","_et_pb_old_content":"","_et_gb_content_width":"","om_disable_all_campaigns":false,"_monsterinsights_skip_tracking":false,"_monsterinsights_sitenote_active":false,"_monsterinsights_sitenote_note":"","_monsterinsights_sitenote_category":0,"footnotes":""},"class_list":["post-689","page","type-page","status-publish","hentry"],"yoast_head":"<!-- This site is optimized with the Yoast SEO plugin v27.6 - https:\/\/yoast.com\/product\/yoast-seo-wordpress\/ -->\n<title>Impressum - Gradient Solutions<\/title>\n<meta name=\"robots\" content=\"index, follow, max-snippet:-1, max-image-preview:large, max-video-preview:-1\" \/>\n<link rel=\"canonical\" href=\"https:\/\/www.gradientsolutions.io\/de\/impressum\/\" \/>\n<meta property=\"og:locale\" content=\"de_DE\" \/>\n<meta property=\"og:type\" content=\"article\" \/>\n<meta property=\"og:title\" content=\"Impressum - Gradient Solutions\" \/>\n<meta property=\"og:description\" content=\"Impressum Gradient Solutions GmbH Begleitung und Umsetzung von IT-Projekten UID-Nr: ATU79080815 FN: 598880g Handelsgericht Wien Sitz: 1020 Wien Aloisgasse 3 \/ 1-2 Tel: +43 69911843348 E-Mail: info@gradientsolutions.io Mitglied der WK\u00d6, UBIT Gewerbeordnung: www.ris.bka.gv.at Trotz sorgf\u00e4ltiger Pr\u00fcfung \u00fcbernehmen wir keine Verantwortung f\u00fcr die Inhalte externer Links. Die Betreiber der verlinkten Seiten sind allein f\u00fcr deren Inhalte [&hellip;]\" \/>\n<meta property=\"og:url\" content=\"https:\/\/www.gradientsolutions.io\/de\/impressum\/\" \/>\n<meta property=\"og:site_name\" content=\"Gradient Solutions\" \/>\n<meta property=\"article:modified_time\" content=\"2025-01-14T09:26:02+00:00\" \/>\n<meta name=\"twitter:card\" content=\"summary_large_image\" \/>\n<meta name=\"twitter:label1\" content=\"Gesch\u00e4tzte Lesezeit\" \/>\n\t<meta name=\"twitter:data1\" content=\"1 Minute\" \/>\n<script type=\"application\/ld+json\" class=\"yoast-schema-graph\">{\"@context\":\"https:\\\/\\\/schema.org\",\"@graph\":[{\"@type\":\"WebPage\",\"@id\":\"https:\\\/\\\/www.gradientsolutions.io\\\/impressum\\\/\",\"url\":\"https:\\\/\\\/www.gradientsolutions.io\\\/impressum\\\/\",\"name\":\"Impressum - Gradient Solutions\",\"isPartOf\":{\"@id\":\"https:\\\/\\\/www.gradientsolutions.io\\\/#website\"},\"datePublished\":\"2025-01-13T11:04:51+00:00\",\"dateModified\":\"2025-01-14T09:26:02+00:00\",\"breadcrumb\":{\"@id\":\"https:\\\/\\\/www.gradientsolutions.io\\\/impressum\\\/#breadcrumb\"},\"inLanguage\":\"de-AT\",\"potentialAction\":[{\"@type\":\"ReadAction\",\"target\":[\"https:\\\/\\\/www.gradientsolutions.io\\\/impressum\\\/\"]}]},{\"@type\":\"BreadcrumbList\",\"@id\":\"https:\\\/\\\/www.gradientsolutions.io\\\/impressum\\\/#breadcrumb\",\"itemListElement\":[{\"@type\":\"ListItem\",\"position\":1,\"name\":\"Home\",\"item\":\"https:\\\/\\\/www.gradientsolutions.io\\\/\"},{\"@type\":\"ListItem\",\"position\":2,\"name\":\"Impressum\"}]},{\"@type\":\"WebSite\",\"@id\":\"https:\\\/\\\/www.gradientsolutions.io\\\/#website\",\"url\":\"https:\\\/\\\/www.gradientsolutions.io\\\/\",\"name\":\"Gradient Solutions\",\"description\":\"\",\"potentialAction\":[{\"@type\":\"SearchAction\",\"target\":{\"@type\":\"EntryPoint\",\"urlTemplate\":\"https:\\\/\\\/www.gradientsolutions.io\\\/?s={search_term_string}\"},\"query-input\":{\"@type\":\"PropertyValueSpecification\",\"valueRequired\":true,\"valueName\":\"search_term_string\"}}],\"inLanguage\":\"de-AT\"}]}<\/script>\n<!-- \/ Yoast SEO plugin. -->","yoast_head_json":{"title":"Impressum - Gradient Solutions","robots":{"index":"index","follow":"follow","max-snippet":"max-snippet:-1","max-image-preview":"max-image-preview:large","max-video-preview":"max-video-preview:-1"},"canonical":"https:\/\/www.gradientsolutions.io\/de\/impressum\/","og_locale":"de_DE","og_type":"article","og_title":"Impressum - Gradient Solutions","og_description":"Impressum Gradient Solutions GmbH Begleitung und Umsetzung von IT-Projekten UID-Nr: ATU79080815 FN: 598880g Handelsgericht Wien Sitz: 1020 Wien Aloisgasse 3 \/ 1-2 Tel: +43 69911843348 E-Mail: info@gradientsolutions.io Mitglied der WK\u00d6, UBIT Gewerbeordnung: www.ris.bka.gv.at Trotz sorgf\u00e4ltiger Pr\u00fcfung \u00fcbernehmen wir keine Verantwortung f\u00fcr die Inhalte externer Links. Die Betreiber der verlinkten Seiten sind allein f\u00fcr deren Inhalte [&hellip;]","og_url":"https:\/\/www.gradientsolutions.io\/de\/impressum\/","og_site_name":"Gradient Solutions","article_modified_time":"2025-01-14T09:26:02+00:00","twitter_card":"summary_large_image","twitter_misc":{"Gesch\u00e4tzte Lesezeit":"1 Minute"},"schema":{"@context":"https:\/\/schema.org","@graph":[{"@type":"WebPage","@id":"https:\/\/www.gradientsolutions.io\/impressum\/","url":"https:\/\/www.gradientsolutions.io\/impressum\/","name":"Impressum - Gradient Solutions","isPartOf":{"@id":"https:\/\/www.gradientsolutions.io\/#website"},"datePublished":"2025-01-13T11:04:51+00:00","dateModified":"2025-01-14T09:26:02+00:00","breadcrumb":{"@id":"https:\/\/www.gradientsolutions.io\/impressum\/#breadcrumb"},"inLanguage":"de-AT","potentialAction":[{"@type":"ReadAction","target":["https:\/\/www.gradientsolutions.io\/impressum\/"]}]},{"@type":"BreadcrumbList","@id":"https:\/\/www.gradientsolutions.io\/impressum\/#breadcrumb","itemListElement":[{"@type":"ListItem","position":1,"name":"Home","item":"https:\/\/www.gradientsolutions.io\/"},{"@type":"ListItem","position":2,"name":"Impressum"}]},{"@type":"WebSite","@id":"https:\/\/www.gradientsolutions.io\/#website","url":"https:\/\/www.gradientsolutions.io\/","name":"Gradient Solutions","description":"","potentialAction":[{"@type":"SearchAction","target":{"@type":"EntryPoint","urlTemplate":"https:\/\/www.gradientsolutions.io\/?s={search_term_string}"},"query-input":{"@type":"PropertyValueSpecification","valueRequired":true,"valueName":"search_term_string"}}],"inLanguage":"de-AT"}]}},"_links":{"self":[{"href":"https:\/\/www.gradientsolutions.io\/de\/wp-json\/wp\/v2\/pages\/689","targetHints":{"allow":["GET"]}}],"collection":[{"href":"https:\/\/www.gradientsolutions.io\/de\/wp-json\/wp\/v2\/pages"}],"about":[{"href":"https:\/\/www.gradientsolutions.io\/de\/wp-json\/wp\/v2\/types\/page"}],"author":[{"embeddable":true,"href":"https:\/\/www.gradientsolutions.io\/de\/wp-json\/wp\/v2\/users\/2"}],"replies":[{"embeddable":true,"href":"https:\/\/www.gradientsolutions.io\/de\/wp-json\/wp\/v2\/comments?post=689"}],"version-history":[{"count":5,"href":"https:\/\/www.gradientsolutions.io\/de\/wp-json\/wp\/v2\/pages\/689\/revisions"}],"predecessor-version":[{"id":746,"href":"https:\/\/www.gradientsolutions.io\/de\/wp-json\/wp\/v2\/pages\/689\/revisions\/746"}],"wp:attachment":[{"href":"https:\/\/www.gradientsolutions.io\/de\/wp-json\/wp\/v2\/media?parent=689"}],"curies":[{"name":"wp","href":"https:\/\/api.w.org\/{rel}","templated":true}]}}