{"id":685,"date":"2025-01-13T11:56:56","date_gmt":"2025-01-13T10:56:56","guid":{"rendered":"https:\/\/www.gradientsolutions.io\/?page_id=685"},"modified":"2025-01-14T10:24:36","modified_gmt":"2025-01-14T09:24:36","slug":"datenschutz","status":"publish","type":"page","link":"https:\/\/www.gradientsolutions.io\/de\/datenschutz\/","title":{"rendered":"Datenschutz"},"content":{"rendered":"<p>[et_pb_section fb_built=&#8221;1&#8243; _builder_version=&#8221;4.27.2&#8243; _module_preset=&#8221;default&#8221; global_colors_info=&#8221;{}&#8221;][et_pb_row _builder_version=&#8221;4.27.2&#8243; _module_preset=&#8221;default&#8221; global_colors_info=&#8221;{}&#8221;][et_pb_column type=&#8221;4_4&#8243; _builder_version=&#8221;4.27.2&#8243; _module_preset=&#8221;default&#8221; global_colors_info=&#8221;{}&#8221;][et_pb_text _builder_version=&#8221;4.27.2&#8243; _module_preset=&#8221;default&#8221; text_font_size=&#8221;16px&#8221; hover_enabled=&#8221;0&#8243; global_colors_info=&#8221;{}&#8221; sticky_enabled=&#8221;0&#8243;]<\/p>\n<h2 style=\"font-weight: 400;\">Datenschutzerkl\u00e4rung<\/h2>\n<p style=\"font-weight: 400;\">Datenschutzbestimmungen f\u00fcr Gradient Solutions<\/p>\n<p style=\"font-weight: 400;\">Vielen Dank f\u00fcr Ihren Besuch auf unserer Webseite. Der Schutz Ihrer personenbezogenen Daten liegt uns sehr am Herzen. In dieser Datenschutzbestimmung m\u00f6chten wir Ihnen erl\u00e4utern, welche Informationen wir von Ihnen erfassen, wie wir diese Informationen verwenden und sch\u00fctzen.<\/p>\n<p style=\"font-weight: 400;\">Verantwortlich f\u00fcr die Verarbeitung Ihrer personenbezogenen Daten auf dieser Webseite ist:<\/p>\n<p style=\"font-weight: 400;\">Gradient Solutions GmbH,<\/p>\n<p style=\"font-weight: 400;\"><span>Aloisgasse 3 \/ 1-2<\/span><\/p>\n<p style=\"font-weight: 400;\">1220 Wien | Austria<\/p>\n<p style=\"font-weight: 400;\">Sie erreichen uns per E-Mail unter <a href=\"mailto:info@gradientsolution.io\">info@gradientsolution.io<\/a><\/p>\n<ol>\n<li style=\"font-weight: 400;\"><strong> Erfassung und Verwendung von Informationen<\/strong><\/li>\n<\/ol>\n<p style=\"font-weight: 400;\">Personenbezogene Daten Wir k\u00f6nnen personenbezogene Daten von Ihnen erfassen, wenn Sie unsere Webseite besuchen, sich registrieren, Newsletter abonnieren, Kontaktformulare ausf\u00fcllen, Bestellungen aufgeben oder anderweitig mit uns interagieren. Diese personenbezogenen Daten k\u00f6nnen Ihren Namen, Ihre E-Mail-Adresse, Ihre Anschrift, Telefonnummer, Zahlungsinformationen und andere Informationen umfassen, die Sie uns freiwillig zur Verf\u00fcgung stellen. Verwendungszweck Die von uns erfassten personenbezogenen Daten verwenden wir ausschlie\u00dflich f\u00fcr folgende Zwecke:<\/p>\n<ul>\n<li>Um Ihre Anfragen zu beantworten und Ihnen den<\/li>\n<li>gew\u00fcnschten Service bereitzustellen<\/li>\n<li>Um Ihre Bestellungen abzuwickeln und Ihnen die<\/li>\n<li>entsprechenden Produkte oder Dienstleistungen zur<\/li>\n<li>Verf\u00fcgung zu stellen<\/li>\n<li>Um Sie \u00fcber unsere neuesten Angebote, Produkte und<\/li>\n<li>Dienstleistungen zu informieren, sofern Sie dem<\/li>\n<li>zugestimmt haben<\/li>\n<li>Um Ihnen Newsletter oder Werbemitteilungen<\/li>\n<li>zuzusenden, sofern Sie sich daf\u00fcr angemeldet haben<\/li>\n<li>Um unsere Webseite zu verbessern und Ihre<\/li>\n<li>Benutzererfahrung anzupassen<\/li>\n<li>Um rechtlichen und regulatorischen Verpflichtungen<\/li>\n<li>nachzukommen<\/li>\n<li>Um Marketing- &amp; Vertriebsma\u00dfnahmen durchzuf\u00fchren<\/li>\n<li>Um unsere Webseite zu optimieren<\/li>\n<\/ul>\n<ol start=\"2\">\n<li style=\"font-weight: 400;\"><strong> Weitergabe von Informationen<\/strong><\/li>\n<\/ol>\n<p style=\"font-weight: 400;\">Wir geben Ihre personenbezogenen Daten nicht ohne Ihre ausdr\u00fcckliche Zustimmung an Dritte weiter, es sei denn, dies ist zur Erf\u00fcllung der oben genannten Zwecke erforderlich oder gesetzlich vorgeschrieben. In einigen F\u00e4llen k\u00f6nnen wir Drittanbieter oder Dienstleister beauftragen, die personenbezogenen Daten in unserem Auftrag verarbeiten. In solchen F\u00e4llen stellen wir sicher, dass angemessene Ma\u00dfnahmen getroffen werden, um den Schutz Ihrer Daten zu gew\u00e4hrleisten.<\/p>\n<ol start=\"3\">\n<li style=\"font-weight: 400;\"><strong> Datensicherheit<\/strong><\/li>\n<\/ol>\n<p style=\"font-weight: 400;\">Wir setzen technische und organisatorische Ma\u00dfnahmen ein, um Ihre personenbezogenen Daten vor Verlust, Missbrauch, unbefugtem Zugriff oder Offenlegung zu sch\u00fctzen. Wir verwenden sichere \u00dcbertragungsverfahren, verschl\u00fcsseln Daten und speichern sie auf gesch\u00fctzten Servern.<\/p>\n<ol start=\"4\">\n<li style=\"font-weight: 400;\"><strong> Cookies<\/strong><\/li>\n<\/ol>\n<p style=\"font-weight: 400;\">Wir verwenden Cookies auf unserer Webseite, um Ihre Benutzererfahrung zu verbessern und Ihnen ma\u00dfgeschneiderte Inhalte anzubieten. Cookies sind kleine Textdateien, die auf Ihrem Ger\u00e4t gespeichert werden und Informationen \u00fcber Ihre Nutzung unserer Webseite enthalten. Sie k\u00f6nnen die Verwendung von Cookies in Ihren Browsereinstellungen steuern und ablehnen, jedoch kann dies die Funktionalit\u00e4t unserer Webseite beeintr\u00e4chtigen.<\/p>\n<ol start=\"5\">\n<li style=\"font-weight: 400;\"><strong> Links zu anderen Webseiten<\/strong><\/li>\n<\/ol>\n<p style=\"font-weight: 400;\">Unsere Webseite kann Links zu anderen Webseiten enthalten, auf die diese Datenschutzbestimmungen nicht anwendbar sind. Bitte beachten Sie, dass wir keine Verantwortung f\u00fcr den Datenschutz oder die Inhalte dieser externen Webseiten \u00fcbernehmen. Wir empfehlen Ihnen, die Datenschutzbestimmungen jeder verlinkten<\/p>\n<ol start=\"6\">\n<li style=\"font-weight: 400;\"><strong> Ihre Rechte als betroffene Person<\/strong><\/li>\n<\/ol>\n<p style=\"font-weight: 400;\">Sie haben das Recht auf Auskunft \u00fcber die bei uns zu Ihrer Person gespeicherten Daten sowie auf Berichtigung unrichtiger Daten, Einschr\u00e4nkung der Verarbeitung, L\u00f6schung und \u00dcbertragung Ihrer Daten. Sofern Sie eine Einwilligung zur Verarbeitung Ihrer personenbezogenen Daten erteilt haben, k\u00f6nnen Sie diese jederzeit mit Wirkung f\u00fcr die Zukunft widerrufen. Zudem haben Sie das Recht, sich bei der zust\u00e4ndigen Aufsichtsbeh\u00f6rde zu beschweren.<\/p>\n<ol start=\"7\">\n<li style=\"font-weight: 400;\"><strong> \u00c4nderung dieser Datenschutzerkl\u00e4rung<\/strong><\/li>\n<\/ol>\n<p style=\"font-weight: 400;\">Wir behalten uns das Recht vor, diese Datenschutzerkl\u00e4rung jederzeit mit Wirkung f\u00fcr die Zukunft zu \u00e4ndern. Eine jeweils aktuelle Version ist auf unserer Webseite verf\u00fcgbar.<\/p>\n<p style=\"font-weight: 400;\">Stand: 15.Mai 2023<\/p>\n<p>[\/et_pb_text][\/et_pb_column][\/et_pb_row][\/et_pb_section]<\/p>\n","protected":false},"excerpt":{"rendered":"<p>Datenschutzerkl\u00e4rung Datenschutzbestimmungen f\u00fcr Gradient Solutions Vielen Dank f\u00fcr Ihren Besuch auf unserer Webseite. Der Schutz Ihrer personenbezogenen Daten liegt uns sehr am Herzen. In dieser Datenschutzbestimmung m\u00f6chten wir Ihnen erl\u00e4utern, welche Informationen wir von Ihnen erfassen, wie wir diese Informationen verwenden und sch\u00fctzen. Verantwortlich f\u00fcr die Verarbeitung Ihrer personenbezogenen Daten auf dieser Webseite ist: Gradient [&hellip;]<\/p>\n","protected":false},"author":2,"featured_media":0,"parent":0,"menu_order":0,"comment_status":"closed","ping_status":"closed","template":"","meta":{"_et_pb_use_builder":"on","_et_pb_old_content":"","_et_gb_content_width":"","om_disable_all_campaigns":false,"_monsterinsights_skip_tracking":false,"_monsterinsights_sitenote_active":false,"_monsterinsights_sitenote_note":"","_monsterinsights_sitenote_category":0,"footnotes":""},"class_list":["post-685","page","type-page","status-publish","hentry"],"yoast_head":"<!-- This site is optimized with the Yoast SEO plugin v27.6 - https:\/\/yoast.com\/product\/yoast-seo-wordpress\/ -->\n<title>Datenschutz - Gradient Solutions<\/title>\n<meta name=\"robots\" content=\"index, follow, max-snippet:-1, max-image-preview:large, max-video-preview:-1\" \/>\n<link rel=\"canonical\" href=\"https:\/\/www.gradientsolutions.io\/de\/datenschutz\/\" \/>\n<meta property=\"og:locale\" content=\"de_DE\" \/>\n<meta property=\"og:type\" content=\"article\" \/>\n<meta property=\"og:title\" content=\"Datenschutz - Gradient Solutions\" \/>\n<meta property=\"og:description\" content=\"Datenschutzerkl\u00e4rung Datenschutzbestimmungen f\u00fcr Gradient Solutions Vielen Dank f\u00fcr Ihren Besuch auf unserer Webseite. Der Schutz Ihrer personenbezogenen Daten liegt uns sehr am Herzen. In dieser Datenschutzbestimmung m\u00f6chten wir Ihnen erl\u00e4utern, welche Informationen wir von Ihnen erfassen, wie wir diese Informationen verwenden und sch\u00fctzen. Verantwortlich f\u00fcr die Verarbeitung Ihrer personenbezogenen Daten auf dieser Webseite ist: Gradient [&hellip;]\" \/>\n<meta property=\"og:url\" content=\"https:\/\/www.gradientsolutions.io\/de\/datenschutz\/\" \/>\n<meta property=\"og:site_name\" content=\"Gradient Solutions\" \/>\n<meta property=\"article:modified_time\" content=\"2025-01-14T09:24:36+00:00\" \/>\n<meta name=\"twitter:card\" content=\"summary_large_image\" \/>\n<meta name=\"twitter:label1\" content=\"Gesch\u00e4tzte Lesezeit\" \/>\n\t<meta name=\"twitter:data1\" content=\"3 Minuten\" \/>\n<script type=\"application\/ld+json\" class=\"yoast-schema-graph\">{\"@context\":\"https:\\\/\\\/schema.org\",\"@graph\":[{\"@type\":\"WebPage\",\"@id\":\"https:\\\/\\\/www.gradientsolutions.io\\\/datenschutz\\\/\",\"url\":\"https:\\\/\\\/www.gradientsolutions.io\\\/datenschutz\\\/\",\"name\":\"Datenschutz - Gradient Solutions\",\"isPartOf\":{\"@id\":\"https:\\\/\\\/www.gradientsolutions.io\\\/#website\"},\"datePublished\":\"2025-01-13T10:56:56+00:00\",\"dateModified\":\"2025-01-14T09:24:36+00:00\",\"breadcrumb\":{\"@id\":\"https:\\\/\\\/www.gradientsolutions.io\\\/datenschutz\\\/#breadcrumb\"},\"inLanguage\":\"de-AT\",\"potentialAction\":[{\"@type\":\"ReadAction\",\"target\":[\"https:\\\/\\\/www.gradientsolutions.io\\\/datenschutz\\\/\"]}]},{\"@type\":\"BreadcrumbList\",\"@id\":\"https:\\\/\\\/www.gradientsolutions.io\\\/datenschutz\\\/#breadcrumb\",\"itemListElement\":[{\"@type\":\"ListItem\",\"position\":1,\"name\":\"Home\",\"item\":\"https:\\\/\\\/www.gradientsolutions.io\\\/\"},{\"@type\":\"ListItem\",\"position\":2,\"name\":\"Datenschutz\"}]},{\"@type\":\"WebSite\",\"@id\":\"https:\\\/\\\/www.gradientsolutions.io\\\/#website\",\"url\":\"https:\\\/\\\/www.gradientsolutions.io\\\/\",\"name\":\"Gradient Solutions\",\"description\":\"\",\"potentialAction\":[{\"@type\":\"SearchAction\",\"target\":{\"@type\":\"EntryPoint\",\"urlTemplate\":\"https:\\\/\\\/www.gradientsolutions.io\\\/?s={search_term_string}\"},\"query-input\":{\"@type\":\"PropertyValueSpecification\",\"valueRequired\":true,\"valueName\":\"search_term_string\"}}],\"inLanguage\":\"de-AT\"}]}<\/script>\n<!-- \/ Yoast SEO plugin. -->","yoast_head_json":{"title":"Datenschutz - Gradient Solutions","robots":{"index":"index","follow":"follow","max-snippet":"max-snippet:-1","max-image-preview":"max-image-preview:large","max-video-preview":"max-video-preview:-1"},"canonical":"https:\/\/www.gradientsolutions.io\/de\/datenschutz\/","og_locale":"de_DE","og_type":"article","og_title":"Datenschutz - Gradient Solutions","og_description":"Datenschutzerkl\u00e4rung Datenschutzbestimmungen f\u00fcr Gradient Solutions Vielen Dank f\u00fcr Ihren Besuch auf unserer Webseite. Der Schutz Ihrer personenbezogenen Daten liegt uns sehr am Herzen. In dieser Datenschutzbestimmung m\u00f6chten wir Ihnen erl\u00e4utern, welche Informationen wir von Ihnen erfassen, wie wir diese Informationen verwenden und sch\u00fctzen. Verantwortlich f\u00fcr die Verarbeitung Ihrer personenbezogenen Daten auf dieser Webseite ist: Gradient [&hellip;]","og_url":"https:\/\/www.gradientsolutions.io\/de\/datenschutz\/","og_site_name":"Gradient Solutions","article_modified_time":"2025-01-14T09:24:36+00:00","twitter_card":"summary_large_image","twitter_misc":{"Gesch\u00e4tzte Lesezeit":"3 Minuten"},"schema":{"@context":"https:\/\/schema.org","@graph":[{"@type":"WebPage","@id":"https:\/\/www.gradientsolutions.io\/datenschutz\/","url":"https:\/\/www.gradientsolutions.io\/datenschutz\/","name":"Datenschutz - Gradient Solutions","isPartOf":{"@id":"https:\/\/www.gradientsolutions.io\/#website"},"datePublished":"2025-01-13T10:56:56+00:00","dateModified":"2025-01-14T09:24:36+00:00","breadcrumb":{"@id":"https:\/\/www.gradientsolutions.io\/datenschutz\/#breadcrumb"},"inLanguage":"de-AT","potentialAction":[{"@type":"ReadAction","target":["https:\/\/www.gradientsolutions.io\/datenschutz\/"]}]},{"@type":"BreadcrumbList","@id":"https:\/\/www.gradientsolutions.io\/datenschutz\/#breadcrumb","itemListElement":[{"@type":"ListItem","position":1,"name":"Home","item":"https:\/\/www.gradientsolutions.io\/"},{"@type":"ListItem","position":2,"name":"Datenschutz"}]},{"@type":"WebSite","@id":"https:\/\/www.gradientsolutions.io\/#website","url":"https:\/\/www.gradientsolutions.io\/","name":"Gradient Solutions","description":"","potentialAction":[{"@type":"SearchAction","target":{"@type":"EntryPoint","urlTemplate":"https:\/\/www.gradientsolutions.io\/?s={search_term_string}"},"query-input":{"@type":"PropertyValueSpecification","valueRequired":true,"valueName":"search_term_string"}}],"inLanguage":"de-AT"}]}},"_links":{"self":[{"href":"https:\/\/www.gradientsolutions.io\/de\/wp-json\/wp\/v2\/pages\/685","targetHints":{"allow":["GET"]}}],"collection":[{"href":"https:\/\/www.gradientsolutions.io\/de\/wp-json\/wp\/v2\/pages"}],"about":[{"href":"https:\/\/www.gradientsolutions.io\/de\/wp-json\/wp\/v2\/types\/page"}],"author":[{"embeddable":true,"href":"https:\/\/www.gradientsolutions.io\/de\/wp-json\/wp\/v2\/users\/2"}],"replies":[{"embeddable":true,"href":"https:\/\/www.gradientsolutions.io\/de\/wp-json\/wp\/v2\/comments?post=685"}],"version-history":[{"count":5,"href":"https:\/\/www.gradientsolutions.io\/de\/wp-json\/wp\/v2\/pages\/685\/revisions"}],"predecessor-version":[{"id":745,"href":"https:\/\/www.gradientsolutions.io\/de\/wp-json\/wp\/v2\/pages\/685\/revisions\/745"}],"wp:attachment":[{"href":"https:\/\/www.gradientsolutions.io\/de\/wp-json\/wp\/v2\/media?parent=685"}],"curies":[{"name":"wp","href":"https:\/\/api.w.org\/{rel}","templated":true}]}}