{"id":402,"date":"2024-11-11T15:07:00","date_gmt":"2024-11-11T14:07:00","guid":{"rendered":"https:\/\/www.gradientsolutions.io\/?page_id=402"},"modified":"2025-06-04T08:59:01","modified_gmt":"2025-06-04T06:59:01","slug":"contact","status":"publish","type":"page","link":"https:\/\/www.gradientsolutions.io\/de\/contact\/","title":{"rendered":"Kontakt"},"content":{"rendered":"<p>[et_pb_section fb_built=&#8221;1&#8243; _builder_version=&#8221;4.27.2&#8243; background_color=&#8221;gcid-3b529bdc-e703-4dd0-a8fa-4a891ffa68dd&#8221; min_height=&#8221;222px&#8221; custom_padding=&#8221;0px||0px|||&#8221; global_colors_info=&#8221;{%22gcid-3b529bdc-e703-4dd0-a8fa-4a891ffa68dd%22:%91%22background_color%22%93}&#8221;][et_pb_row column_structure=&#8221;1_2,1_2&#8243; _builder_version=&#8221;4.27.2&#8243; _module_preset=&#8221;default&#8221; min_height=&#8221;233.5px&#8221; custom_padding=&#8221;||0px|||&#8221; global_colors_info=&#8221;{}&#8221;][et_pb_column type=&#8221;1_2&#8243; _builder_version=&#8221;4.27.2&#8243; _module_preset=&#8221;default&#8221; global_colors_info=&#8221;{}&#8221;][et_pb_heading title=&#8221;Kontakt&#8221; _builder_version=&#8221;4.27.4&#8243; _module_preset=&#8221;default&#8221; title_text_color=&#8221;#FFFFFF&#8221; title_font_size=&#8221;54px&#8221; title_letter_spacing=&#8221;1px&#8221; title_font_size_tablet=&#8221;50px&#8221; title_font_size_phone=&#8221;37px&#8221; title_font_size_last_edited=&#8221;on|phone&#8221; global_colors_info=&#8221;{}&#8221;][\/et_pb_heading][\/et_pb_column][et_pb_column type=&#8221;1_2&#8243; _builder_version=&#8221;4.27.2&#8243; _module_preset=&#8221;default&#8221; global_colors_info=&#8221;{}&#8221;][et_pb_image src=&#8221;https:\/\/www.gradientsolutions.io\/wp-content\/uploads\/2024\/12\/Logo-Gradient.jpg&#8221; title_text=&#8221;Logo-Gradient&#8221; _builder_version=&#8221;4.27.2&#8243; _module_preset=&#8221;default&#8221; z_index=&#8221;-39&#8243; width=&#8221;100%&#8221; min_height=&#8221;100px&#8221; custom_margin_tablet=&#8221;&#8221; custom_margin_phone=&#8221;||36px||false|false&#8221; custom_margin_last_edited=&#8221;on|phone&#8221; custom_padding=&#8221;||0px|||&#8221; border_radii=&#8221;on|10px|10px|10px|10px&#8221; box_shadow_style=&#8221;preset5&#8243; box_shadow_horizontal=&#8221;16px&#8221; box_shadow_vertical=&#8221;96px&#8221; box_shadow_spread=&#8221;5px&#8221; box_shadow_color=&#8221;gcid-0f21620e-5035-4a76-97c3-a31495561647&#8243; box_shadow_horizontal_tablet=&#8221;19px&#8221; box_shadow_horizontal_phone=&#8221;17px&#8221; box_shadow_horizontal_last_edited=&#8221;on|tablet&#8221; box_shadow_vertical_tablet=&#8221;88px&#8221; box_shadow_vertical_phone=&#8221;88px&#8221; box_shadow_vertical_last_edited=&#8221;on|phone&#8221; global_colors_info=&#8221;{%22gcid-0f21620e-5035-4a76-97c3-a31495561647%22:%91%22box_shadow_color%22%93}&#8221;][\/et_pb_image][et_pb_text content_tablet=&#8221;<\/p>\n<div style=%22padding-left: 40px;%22><\/div>\n<div style=%22padding-left: 80px;%22>  <strong>Tel<\/strong>: <a href=%22tel:+4369911843348%22>+43 699 11843348<\/a><\/div>\n<div style=%22padding-left: 80px;%22>  <strong>EMail<\/strong>: <a href=%22mailto:info@gradientsolutions.io%22>info@gradientsolutions.io<\/a><\/div>\n<div style=%22padding-left: 120px;%22><\/div>\n<div><\/div>\n<p>&#8221; content_phone=&#8221;<\/p>\n<div style=%22padding-left: 40px;%22><\/div>\n<div style=%22padding-left: 40px;%22><strong>Tel<\/strong>: <a href=%22tel:+4369911843348%22>+43 699 11843348<\/a><\/div>\n<div style=%22padding-left: 40px;%22><strong>E-Mail<\/strong>: <a href=%22mailto:info@gradientsolutions.io%22>info@gradientsolutions.io<\/a><\/div>\n<div style=%22padding-left: 80px;%22><\/div>\n<div><\/div>\n<p>&#8221; content_last_edited=&#8221;on|phone&#8221; _builder_version=&#8221;4.27.2&#8243; _module_preset=&#8221;default&#8221; text_font=&#8221;&#8211;et_global_body_font|&#8211;et_global_body_font_weight|||||||&#8221; text_text_color=&#8221;#000000&#8243; text_font_size=&#8221;19px&#8221; background_color=&#8221;#FFFFFF&#8221; min_height=&#8221;95px&#8221; custom_margin=&#8221;-57px||-13px|||&#8221; custom_padding=&#8221;15px||26px|||&#8221; text_font_size_tablet=&#8221;19px&#8221; text_font_size_phone=&#8221;16px&#8221; text_font_size_last_edited=&#8221;on|phone&#8221; border_radii=&#8221;off|||10px|10px&#8221; box_shadow_style=&#8221;preset3&#8243; global_colors_info=&#8221;{}&#8221;]<\/p>\n<div style=\"padding-left: 40px;\"><\/div>\n<div style=\"padding-left: 80px;\">\u00a0 <strong>Tel<\/strong>: <a href=\"tel:+4369911843348\" style=\"color: #ec6b55\">+43 699 11843348<\/a><\/div>\n<div style=\"padding-left: 80px;\">\u00a0 <strong>E-Mail<\/strong>: <span style=\"color: #e09900;\"><a href=\"mailto:info@gradientsolutions.io\" style=\"color: #ec6b55;\">info@gradientsolutions.io<\/a><\/span><\/div>\n<div style=\"padding-left: 120px;\"><\/div>\n<div><\/div>\n<p>[\/et_pb_text][\/et_pb_column][\/et_pb_row][\/et_pb_section][et_pb_section fb_built=&#8221;1&#8243; _builder_version=&#8221;4.27.4&#8243; _module_preset=&#8221;default&#8221; custom_padding=&#8221;||0px|||&#8221; global_colors_info=&#8221;{}&#8221;][et_pb_row column_structure=&#8221;1_3,2_3&#8243; _builder_version=&#8221;4.27.4&#8243; _module_preset=&#8221;default&#8221; min_height=&#8221;100%&#8221; global_colors_info=&#8221;{}&#8221;][et_pb_column type=&#8221;1_3&#8243; _builder_version=&#8221;4.27.4&#8243; _module_preset=&#8221;default&#8221; global_colors_info=&#8221;{}&#8221;][et_pb_heading title=&#8221;Vereinbare ein Probegespr\u00e4ch mit uns&#8221; _builder_version=&#8221;4.27.4&#8243; _module_preset=&#8221;default&#8221; title_text_color=&#8221;gcid-3b529bdc-e703-4dd0-a8fa-4a891ffa68dd&#8221; title_font_size=&#8221;36px&#8221; title_letter_spacing=&#8221;1px&#8221; custom_margin=&#8221;103px|-102px||||&#8221; custom_margin_tablet=&#8221;103px|-102px||||&#8221; custom_margin_phone=&#8221;|0px|||false|false&#8221; custom_margin_last_edited=&#8221;on|phone&#8221; title_font_size_tablet=&#8221;&#8221; title_font_size_phone=&#8221;35px&#8221; title_font_size_last_edited=&#8221;on|phone&#8221; global_colors_info=&#8221;{%22gcid-3b529bdc-e703-4dd0-a8fa-4a891ffa68dd%22:%91%22title_text_color%22%93}&#8221;][\/et_pb_heading][et_pb_text _builder_version=&#8221;4.27.4&#8243; _module_preset=&#8221;default&#8221; text_font=&#8221;|300|||||||&#8221; text_text_color=&#8221;gcid-3b529bdc-e703-4dd0-a8fa-4a891ffa68dd&#8221; text_font_size=&#8221;18px&#8221; text_line_height=&#8221;2em&#8221; global_colors_info=&#8221;{%22gcid-3b529bdc-e703-4dd0-a8fa-4a891ffa68dd%22:%91%22text_text_color%22%93}&#8221;]<\/p>\n<p> Welches Produkt entwickelst du? In welcher Projektphase befindest du dich gerade? Womit k\u00f6nnen wir dich unterst\u00fctzen? Teile uns dein Anliegen mit und wir werden uns um eine schnellstm\u00f6gliche Kontaktaufnahme bem\u00fchen. <\/p>\n<p>[\/et_pb_text][\/et_pb_column][et_pb_column type=&#8221;2_3&#8243; _builder_version=&#8221;4.27.4&#8243; _module_preset=&#8221;default&#8221; global_colors_info=&#8221;{}&#8221;][et_pb_code raw_content_last_edited=&#8221;off|tablet&#8221; _builder_version=&#8221;4.27.4&#8243; _module_preset=&#8221;default&#8221; min_height=&#8221;211px&#8221; overflow-y=&#8221;visible&#8221; hover_enabled=&#8221;0&#8243; global_colors_info=&#8221;{}&#8221; raw_content__hover_enabled=&#8221;off|desktop&#8221; sticky_enabled=&#8221;0&#8243;]<!-- Calendly inline widget begin --><!-- [et_pb_line_break_holder] --><\/p>\n<div class=\"calendly-inline-widget\" data-url=\"https:\/\/calendly.com\/samuel-lebisch-gradientsolutions\/30min?primary_color=ec6b55\" style=\"min-width:370px;height:700px;\"><\/div>\n<p><!-- [et_pb_line_break_holder] --><script type=\"text\/javascript\" src=\"https:\/\/assets.calendly.com\/assets\/external\/widget.js\" async><\/script><!-- [et_pb_line_break_holder] --><!-- Calendly inline widget end -->[\/et_pb_code][\/et_pb_column][\/et_pb_row][\/et_pb_section][et_pb_section fb_built=&#8221;1&#8243; _builder_version=&#8221;4.27.2&#8243; _module_preset=&#8221;default&#8221; background_color=&#8221;#FFFFFF&#8221; custom_padding=&#8221;0px|||||&#8221; global_colors_info=&#8221;{}&#8221;][et_pb_row _builder_version=&#8221;4.27.2&#8243; _module_preset=&#8221;default&#8221; global_colors_info=&#8221;{}&#8221;][et_pb_column type=&#8221;4_4&#8243; _builder_version=&#8221;4.27.2&#8243; _module_preset=&#8221;default&#8221; global_colors_info=&#8221;{}&#8221;][et_pb_heading title=&#8221;Anfahrt&#8221; _builder_version=&#8221;4.27.4&#8243; _module_preset=&#8221;default&#8221; title_text_color=&#8221;gcid-3b529bdc-e703-4dd0-a8fa-4a891ffa68dd&#8221; title_font_size=&#8221;36px&#8221; title_letter_spacing=&#8221;1px&#8221; title_font_size_tablet=&#8221;&#8221; title_font_size_phone=&#8221;35px&#8221; title_font_size_last_edited=&#8221;on|phone&#8221; global_colors_info=&#8221;{%22gcid-3b529bdc-e703-4dd0-a8fa-4a891ffa68dd%22:%91%22title_text_color%22%93}&#8221;][\/et_pb_heading][et_pb_text _builder_version=&#8221;4.27.2&#8243; background_size=&#8221;initial&#8221; background_position=&#8221;top_left&#8221; background_repeat=&#8221;repeat&#8221; global_colors_info=&#8221;{}&#8221;]<\/p>\n<p style=\"text-align: center;\"><!-- divi:html --><br \/>\n<iframe src=\"https:\/\/www.google.com\/maps\/embed?pb=!1m18!1m12!1m3!1d2658.355744954686!2d16.384760311899942!3d48.21902407113261!2m3!1f0!2f0!3f0!3m2!1i1024!2i768!4f13.1!3m3!1m2!1s0x476d0707c530f1e5%3A0x11b4ce3f180be3b6!2sAloisgasse%203%2C%201020%20Wien!5e0!3m2!1sde!2sat!4v1733489719755!5m2!1sde!2sat\" width=\"100%\" height=\"500px\" style=\"border: 0;\" allowfullscreen=\"\" loading=\"lazy\" referrerpolicy=\"no-referrer-when-downgrade\"><\/iframe><br \/>\n<!-- \/divi:html --><\/p>\n<p>[\/et_pb_text][\/et_pb_column][\/et_pb_row][\/et_pb_section][et_pb_section fb_built=&#8221;1&#8243; _builder_version=&#8221;4.27.2&#8243; _module_preset=&#8221;default&#8221; background_image=&#8221;https:\/\/www.gradientsolutions.io\/wp-content\/uploads\/2025\/01\/gradient_bild.png&#8221; background_position=&#8221;top_center&#8221; background_vertical_offset=&#8221;11%&#8221; min_height=&#8221;250px&#8221; min_height_tablet=&#8221;200px&#8221; min_height_phone=&#8221;150px&#8221; min_height_last_edited=&#8221;on|phone&#8221; custom_padding=&#8221;||50px||false|false&#8221; global_colors_info=&#8221;{}&#8221;][et_pb_row _builder_version=&#8221;4.27.2&#8243; _module_preset=&#8221;default&#8221; global_colors_info=&#8221;{}&#8221;][et_pb_column type=&#8221;4_4&#8243; _builder_version=&#8221;4.27.2&#8243; _module_preset=&#8221;default&#8221; global_colors_info=&#8221;{}&#8221;][\/et_pb_column][\/et_pb_row][\/et_pb_section]<\/p>\n","protected":false},"excerpt":{"rendered":"<p>\u00a0 Tel: +43 699 11843348 \u00a0 E-Mail: info@gradientsolutions.io Welches Produkt entwickelst du? In welcher Projektphase befindest du dich gerade? Womit k\u00f6nnen wir dich unterst\u00fctzen? Teile uns dein Anliegen mit und wir werden uns um eine schnellstm\u00f6gliche Kontaktaufnahme bem\u00fchen.<\/p>","protected":false},"author":2,"featured_media":0,"parent":0,"menu_order":0,"comment_status":"closed","ping_status":"closed","template":"","meta":{"_et_pb_use_builder":"on","_et_pb_old_content":"<!-- wp:html -->\n<iframe src=\"https:\/\/www.google.com\/maps\/embed?pb=!1m18!1m12!1m3!1d2658.355744954686!2d16.384760311899942!3d48.21902407113261!2m3!1f0!2f0!3f0!3m2!1i1024!2i768!4f13.1!3m3!1m2!1s0x476d0707c530f1e5%3A0x11b4ce3f180be3b6!2sAloisgasse%203%2C%201020%20Wien!5e0!3m2!1sde!2sat!4v1733489719755!5m2!1sde!2sat\" width=\"600\" height=\"450\" style=\"border:0;\" allowfullscreen=\"\" loading=\"lazy\" referrerpolicy=\"no-referrer-when-downgrade\"><\/iframe>\n<!-- \/wp:html -->","_et_gb_content_width":"","om_disable_all_campaigns":false,"_monsterinsights_skip_tracking":false,"_monsterinsights_sitenote_active":false,"_monsterinsights_sitenote_note":"","_monsterinsights_sitenote_category":0,"footnotes":""},"class_list":["post-402","page","type-page","status-publish","hentry"],"yoast_head":"<!-- This site is optimized with the Yoast SEO plugin v27.6 - https:\/\/yoast.com\/product\/yoast-seo-wordpress\/ -->\n<title>Kontakt - Gradient Solutions<\/title>\n<meta name=\"robots\" content=\"index, follow, max-snippet:-1, max-image-preview:large, max-video-preview:-1\" \/>\n<link rel=\"canonical\" href=\"https:\/\/www.gradientsolutions.io\/de\/contact\/\" \/>\n<meta property=\"og:locale\" content=\"de_DE\" \/>\n<meta property=\"og:type\" content=\"article\" \/>\n<meta property=\"og:title\" content=\"Kontakt - Gradient Solutions\" \/>\n<meta property=\"og:description\" content=\"\u00a0 Tel: +43 699 11843348 \u00a0 E-Mail: info@gradientsolutions.io Welches Produkt entwickelst du? In welcher Projektphase befindest du dich gerade? Womit k\u00f6nnen wir dich unterst\u00fctzen? Teile uns dein Anliegen mit und wir werden uns um eine schnellstm\u00f6gliche Kontaktaufnahme bem\u00fchen.\" \/>\n<meta property=\"og:url\" content=\"https:\/\/www.gradientsolutions.io\/de\/contact\/\" \/>\n<meta property=\"og:site_name\" content=\"Gradient Solutions\" \/>\n<meta property=\"article:modified_time\" content=\"2025-06-04T06:59:01+00:00\" \/>\n<meta name=\"twitter:card\" content=\"summary_large_image\" \/>\n<meta name=\"twitter:label1\" content=\"Gesch\u00e4tzte Lesezeit\" \/>\n\t<meta name=\"twitter:data1\" content=\"1 Minute\" \/>\n<script type=\"application\/ld+json\" class=\"yoast-schema-graph\">{\"@context\":\"https:\\\/\\\/schema.org\",\"@graph\":[{\"@type\":\"WebPage\",\"@id\":\"https:\\\/\\\/www.gradientsolutions.io\\\/contact\\\/\",\"url\":\"https:\\\/\\\/www.gradientsolutions.io\\\/contact\\\/\",\"name\":\"Kontakt - Gradient Solutions\",\"isPartOf\":{\"@id\":\"https:\\\/\\\/www.gradientsolutions.io\\\/#website\"},\"datePublished\":\"2024-11-11T14:07:00+00:00\",\"dateModified\":\"2025-06-04T06:59:01+00:00\",\"breadcrumb\":{\"@id\":\"https:\\\/\\\/www.gradientsolutions.io\\\/contact\\\/#breadcrumb\"},\"inLanguage\":\"de-AT\",\"potentialAction\":[{\"@type\":\"ReadAction\",\"target\":[\"https:\\\/\\\/www.gradientsolutions.io\\\/contact\\\/\"]}]},{\"@type\":\"BreadcrumbList\",\"@id\":\"https:\\\/\\\/www.gradientsolutions.io\\\/contact\\\/#breadcrumb\",\"itemListElement\":[{\"@type\":\"ListItem\",\"position\":1,\"name\":\"Home\",\"item\":\"https:\\\/\\\/www.gradientsolutions.io\\\/\"},{\"@type\":\"ListItem\",\"position\":2,\"name\":\"Kontakt\"}]},{\"@type\":\"WebSite\",\"@id\":\"https:\\\/\\\/www.gradientsolutions.io\\\/#website\",\"url\":\"https:\\\/\\\/www.gradientsolutions.io\\\/\",\"name\":\"Gradient Solutions\",\"description\":\"\",\"potentialAction\":[{\"@type\":\"SearchAction\",\"target\":{\"@type\":\"EntryPoint\",\"urlTemplate\":\"https:\\\/\\\/www.gradientsolutions.io\\\/?s={search_term_string}\"},\"query-input\":{\"@type\":\"PropertyValueSpecification\",\"valueRequired\":true,\"valueName\":\"search_term_string\"}}],\"inLanguage\":\"de-AT\"}]}<\/script>\n<!-- \/ Yoast SEO plugin. -->","yoast_head_json":{"title":"Kontakt - Gradient Solutions","robots":{"index":"index","follow":"follow","max-snippet":"max-snippet:-1","max-image-preview":"max-image-preview:large","max-video-preview":"max-video-preview:-1"},"canonical":"https:\/\/www.gradientsolutions.io\/de\/contact\/","og_locale":"de_DE","og_type":"article","og_title":"Kontakt - Gradient Solutions","og_description":"\u00a0 Tel: +43 699 11843348 \u00a0 E-Mail: info@gradientsolutions.io Welches Produkt entwickelst du? In welcher Projektphase befindest du dich gerade? Womit k\u00f6nnen wir dich unterst\u00fctzen? Teile uns dein Anliegen mit und wir werden uns um eine schnellstm\u00f6gliche Kontaktaufnahme bem\u00fchen.","og_url":"https:\/\/www.gradientsolutions.io\/de\/contact\/","og_site_name":"Gradient Solutions","article_modified_time":"2025-06-04T06:59:01+00:00","twitter_card":"summary_large_image","twitter_misc":{"Gesch\u00e4tzte Lesezeit":"1 Minute"},"schema":{"@context":"https:\/\/schema.org","@graph":[{"@type":"WebPage","@id":"https:\/\/www.gradientsolutions.io\/contact\/","url":"https:\/\/www.gradientsolutions.io\/contact\/","name":"Kontakt - Gradient Solutions","isPartOf":{"@id":"https:\/\/www.gradientsolutions.io\/#website"},"datePublished":"2024-11-11T14:07:00+00:00","dateModified":"2025-06-04T06:59:01+00:00","breadcrumb":{"@id":"https:\/\/www.gradientsolutions.io\/contact\/#breadcrumb"},"inLanguage":"de-AT","potentialAction":[{"@type":"ReadAction","target":["https:\/\/www.gradientsolutions.io\/contact\/"]}]},{"@type":"BreadcrumbList","@id":"https:\/\/www.gradientsolutions.io\/contact\/#breadcrumb","itemListElement":[{"@type":"ListItem","position":1,"name":"Home","item":"https:\/\/www.gradientsolutions.io\/"},{"@type":"ListItem","position":2,"name":"Kontakt"}]},{"@type":"WebSite","@id":"https:\/\/www.gradientsolutions.io\/#website","url":"https:\/\/www.gradientsolutions.io\/","name":"Gradient Solutions","description":"","potentialAction":[{"@type":"SearchAction","target":{"@type":"EntryPoint","urlTemplate":"https:\/\/www.gradientsolutions.io\/?s={search_term_string}"},"query-input":{"@type":"PropertyValueSpecification","valueRequired":true,"valueName":"search_term_string"}}],"inLanguage":"de-AT"}]}},"_links":{"self":[{"href":"https:\/\/www.gradientsolutions.io\/de\/wp-json\/wp\/v2\/pages\/402","targetHints":{"allow":["GET"]}}],"collection":[{"href":"https:\/\/www.gradientsolutions.io\/de\/wp-json\/wp\/v2\/pages"}],"about":[{"href":"https:\/\/www.gradientsolutions.io\/de\/wp-json\/wp\/v2\/types\/page"}],"author":[{"embeddable":true,"href":"https:\/\/www.gradientsolutions.io\/de\/wp-json\/wp\/v2\/users\/2"}],"replies":[{"embeddable":true,"href":"https:\/\/www.gradientsolutions.io\/de\/wp-json\/wp\/v2\/comments?post=402"}],"version-history":[{"count":56,"href":"https:\/\/www.gradientsolutions.io\/de\/wp-json\/wp\/v2\/pages\/402\/revisions"}],"predecessor-version":[{"id":1579,"href":"https:\/\/www.gradientsolutions.io\/de\/wp-json\/wp\/v2\/pages\/402\/revisions\/1579"}],"wp:attachment":[{"href":"https:\/\/www.gradientsolutions.io\/de\/wp-json\/wp\/v2\/media?parent=402"}],"curies":[{"name":"wp","href":"https:\/\/api.w.org\/{rel}","templated":true}]}}