{"id":1351,"date":"2025-04-23T14:14:53","date_gmt":"2025-04-23T12:14:53","guid":{"rendered":"https:\/\/www.gradientsolutions.io\/?page_id=1351"},"modified":"2025-05-08T11:38:32","modified_gmt":"2025-05-08T09:38:32","slug":"it-sicherheit-und-nis2","status":"publish","type":"page","link":"https:\/\/www.gradientsolutions.io\/de\/it-sicherheit-und-nis2\/","title":{"rendered":"IT-Sicherheit und NIS2"},"content":{"rendered":"<p>[et_pb_section fb_built=&#8221;1&#8243; _builder_version=&#8221;4.27.4&#8243; _module_preset=&#8221;default&#8221; background_color=&#8221;gcid-0f21620e-5035-4a76-97c3-a31495561647&#8243; global_colors_info=&#8221;{%22gcid-0f21620e-5035-4a76-97c3-a31495561647%22:%91%22background_color%22%93}&#8221;][et_pb_row column_structure=&#8221;2_3,1_3&#8243; _builder_version=&#8221;4.27.4&#8243; _module_preset=&#8221;default&#8221; global_colors_info=&#8221;{}&#8221;][et_pb_column type=&#8221;2_3&#8243; _builder_version=&#8221;4.27.4&#8243; _module_preset=&#8221;default&#8221; global_colors_info=&#8221;{}&#8221;][et_pb_heading title=&#8221;IT-Sicherheit und NIS2&#8243; _builder_version=&#8221;4.27.4&#8243; _module_preset=&#8221;default&#8221; title_text_color=&#8221;#FFFFFF&#8221; title_font_size=&#8221;54px&#8221; title_letter_spacing=&#8221;1px&#8221; positioning=&#8221;absolute&#8221; position_origin_a=&#8221;bottom_center&#8221; position_origin_r=&#8221;bottom_left&#8221; vertical_offset=&#8221;-300px&#8221; width=&#8221;100%&#8221; title_font_size_tablet=&#8221;50px&#8221; title_font_size_phone=&#8221;37px&#8221; title_font_size_last_edited=&#8221;on|phone&#8221; global_colors_info=&#8221;{}&#8221;][\/et_pb_heading][\/et_pb_column][et_pb_column type=&#8221;1_3&#8243; _builder_version=&#8221;4.27.4&#8243; _module_preset=&#8221;default&#8221; global_colors_info=&#8221;{}&#8221;][et_pb_image src=&#8221;https:\/\/www.gradientsolutions.io\/wp-content\/uploads\/2025\/03\/cyber-security.png&#8221; title_text=&#8221;cyber-security&#8221; _builder_version=&#8221;4.27.4&#8243; _module_preset=&#8221;default&#8221; global_colors_info=&#8221;{}&#8221;][\/et_pb_image][\/et_pb_column][\/et_pb_row][\/et_pb_section][et_pb_section fb_built=&#8221;1&#8243; _builder_version=&#8221;4.27.4&#8243; _module_preset=&#8221;default&#8221; global_colors_info=&#8221;{}&#8221;][et_pb_row _builder_version=&#8221;4.27.4&#8243; _module_preset=&#8221;default&#8221; global_colors_info=&#8221;{}&#8221;][et_pb_column type=&#8221;4_4&#8243; _builder_version=&#8221;4.27.4&#8243; _module_preset=&#8221;default&#8221; global_colors_info=&#8221;{}&#8221;][et_pb_heading title=&#8221;Was bedeutet NIS2 f\u00fcr Ihr Unternehmen?  &#8221; _builder_version=&#8221;4.27.4&#8243; _module_preset=&#8221;default&#8221; title_text_color=&#8221;gcid-3b529bdc-e703-4dd0-a8fa-4a891ffa68dd&#8221; title_font_size=&#8221;36px&#8221; title_letter_spacing=&#8221;1px&#8221; title_font_size_tablet=&#8221;&#8221; title_font_size_phone=&#8221;35px&#8221; title_font_size_last_edited=&#8221;on|phone&#8221; global_colors_info=&#8221;{%22gcid-3b529bdc-e703-4dd0-a8fa-4a891ffa68dd%22:%91%22title_text_color%22,%22title_text_color%22%93}&#8221;][\/et_pb_heading][\/et_pb_column][\/et_pb_row][et_pb_row column_structure=&#8221;1_3,2_3&#8243; _builder_version=&#8221;4.27.4&#8243; _module_preset=&#8221;default&#8221; global_colors_info=&#8221;{}&#8221;][et_pb_column type=&#8221;1_3&#8243; _builder_version=&#8221;4.27.4&#8243; _module_preset=&#8221;default&#8221; global_colors_info=&#8221;{}&#8221;][\/et_pb_column][et_pb_column type=&#8221;2_3&#8243; _builder_version=&#8221;4.27.4&#8243; _module_preset=&#8221;default&#8221; global_colors_info=&#8221;{}&#8221;][et_pb_text _builder_version=&#8221;4.27.4&#8243; _module_preset=&#8221;default&#8221; text_text_color=&#8221;gcid-3b529bdc-e703-4dd0-a8fa-4a891ffa68dd&#8221; custom_margin=&#8221;0px|||-112px|false|false&#8221; custom_margin_tablet=&#8221;-90px|||55px|false|false&#8221; custom_margin_phone=&#8221;0px|||0px|false|false&#8221; custom_margin_last_edited=&#8221;on|tablet&#8221; global_colors_info=&#8221;{%22gcid-3b529bdc-e703-4dd0-a8fa-4a891ffa68dd%22:%91%22text_text_color%22,%22text_text_color%22,%22text_text_color%22,%22text_text_color%22,%22text_text_color%22,%22text_text_color%22,%22text_text_color%22,%22text_text_color%22%93}&#8221; text_font=&#8221;|300|||||||&#8221; text_font_size=&#8221;18px&#8221; custom_padding=&#8221;||0px|||&#8221;]<\/p>\n<p><span data-contrast=\"auto\">Die neue <\/span><b><span data-contrast=\"auto\">NIS2-Richtlinie<\/span><\/b><span data-contrast=\"auto\"> definiert strengere Anforderungen an die Cybersicherheit und betrifft viele Unternehmen \u2013 oft auch solche, die sich bisher nicht als klassische Zielgruppe f\u00fcr IT-Security-Regulierungen gesehen haben. Doch welche Ma\u00dfnahmen sind erforderlich? Wo beginnt man, und wie stellt man sicher, dass man konform bleibt, ohne den Betrieb unn\u00f6tig zu belaste<\/span><span data-contrast=\"auto\">n? Ist Ihr Unternehmen bereit f\u00fcr die neuen Cybersicherheitsanforderungen?<\/span><\/p>\n<p>[\/et_pb_text][\/et_pb_column][\/et_pb_row][et_pb_row _builder_version=&#8221;4.27.4&#8243; _module_preset=&#8221;default&#8221; global_colors_info=&#8221;{}&#8221;][et_pb_column type=&#8221;4_4&#8243; _builder_version=&#8221;4.27.4&#8243; _module_preset=&#8221;default&#8221; global_colors_info=&#8221;{}&#8221;][et_pb_heading title=&#8221;Wie unterst\u00fctzen wir Sie? &#8221; _builder_version=&#8221;4.27.4&#8243; _module_preset=&#8221;default&#8221; title_text_color=&#8221;gcid-3b529bdc-e703-4dd0-a8fa-4a891ffa68dd&#8221; title_font_size=&#8221;36px&#8221; title_letter_spacing=&#8221;1px&#8221; title_font_size_tablet=&#8221;&#8221; title_font_size_phone=&#8221;35px&#8221; title_font_size_last_edited=&#8221;on|phone&#8221; global_colors_info=&#8221;{%22gcid-3b529bdc-e703-4dd0-a8fa-4a891ffa68dd%22:%91%22title_text_color%22,%22title_text_color%22%93}&#8221;][\/et_pb_heading][\/et_pb_column][\/et_pb_row][et_pb_row column_structure=&#8221;1_3,2_3&#8243; _builder_version=&#8221;4.27.4&#8243; _module_preset=&#8221;default&#8221; global_colors_info=&#8221;{}&#8221;][et_pb_column type=&#8221;1_3&#8243; _builder_version=&#8221;4.27.4&#8243; _module_preset=&#8221;default&#8221; global_colors_info=&#8221;{}&#8221;][\/et_pb_column][et_pb_column type=&#8221;2_3&#8243; _builder_version=&#8221;4.27.4&#8243; _module_preset=&#8221;default&#8221; global_colors_info=&#8221;{}&#8221;][et_pb_text _builder_version=&#8221;4.27.4&#8243; _module_preset=&#8221;default&#8221; text_text_color=&#8221;gcid-3b529bdc-e703-4dd0-a8fa-4a891ffa68dd&#8221; custom_margin=&#8221;0px|||-112px|false|false&#8221; custom_margin_tablet=&#8221;-90px|||55px|false|false&#8221; custom_margin_phone=&#8221;0px|||0px|false|false&#8221; custom_margin_last_edited=&#8221;on|tablet&#8221; global_colors_info=&#8221;{%22gcid-3b529bdc-e703-4dd0-a8fa-4a891ffa68dd%22:%91%22text_text_color%22,%22text_text_color%22,%22text_text_color%22,%22text_text_color%22,%22text_text_color%22,%22text_text_color%22,%22text_text_color%22,%22text_text_color%22%93}&#8221; text_font=&#8221;|300|||||||&#8221; text_font_size=&#8221;18px&#8221; custom_padding=&#8221;||0px|||&#8221;]<\/p>\n<p><span data-contrast=\"auto\">Wir helfen Unternehmen dabei, sich optimal auf die NIS2-Anforderungen vorzubereiten und die Umsetzung effizient zu gestalten \u2013 mit einem klaren, praxisnahen Ansatz, der speziell auf <\/span><b><span data-contrast=\"auto\">kleine und mittelst\u00e4ndische Unternehmen<\/span><\/b><span data-contrast=\"auto\"> zugeschnitten ist.<\/span><span data-ccp-props=\"{&quot;134233117&quot;:false,&quot;134233118&quot;:false,&quot;335551550&quot;:0,&quot;335551620&quot;:0,&quot;335559738&quot;:240,&quot;335559739&quot;:240}\">\u00a0<\/span><\/p>\n<ul>\n<li><b>Betroffenheitsanalyse: <\/b><span data-contrast=\"auto\">Wir pr\u00fcfen, ob und in welchem Umfang Ihr Unternehmen von der NIS2-Richtlinie betroffen ist \u2013 basierend auf den EU-Vorgaben und den aktuellen nationalen Gesetzesentw\u00fcrfen.<\/span><span><br \/><\/span><\/li>\n<li><b><span data-contrast=\"auto\">Strukturierte Umsetzung:<\/span><\/b><span data-contrast=\"auto\"> Mit unserem erprobten Template sparen Sie wertvolle Zeit und erhalten eine klare Schritt-f\u00fcr-Schritt-Anleitung zur Umsetzung der Anforderungen.<\/span><span><br \/><\/span><\/li>\n<li><b><span data-contrast=\"auto\">Dokumentation &amp; Nachweis:<\/span><\/b><span data-contrast=\"auto\"> Nach erfolgreicher Implementierung der Ma\u00dfnahmen erhalten Sie eine vollst\u00e4ndige Dokumentation, die als <\/span><b><span data-contrast=\"auto\">offizieller Nachweis<\/span><\/b><span data-contrast=\"auto\"> f\u00fcr die Erf\u00fcllung der NIS2-Vorgaben genutzt werden kann.<\/span><span data-ccp-props=\"{&quot;134233117&quot;:false,&quot;134233118&quot;:false,&quot;335551550&quot;:0,&quot;335551620&quot;:0,&quot;335559738&quot;:240,&quot;335559739&quot;:240}\">\u00a0<\/span><\/li>\n<\/ul>\n<p>[\/et_pb_text][\/et_pb_column][\/et_pb_row][et_pb_row _builder_version=&#8221;4.27.4&#8243; _module_preset=&#8221;default&#8221; global_colors_info=&#8221;{}&#8221;][et_pb_column type=&#8221;4_4&#8243; _builder_version=&#8221;4.27.4&#8243; _module_preset=&#8221;default&#8221; global_colors_info=&#8221;{}&#8221;][et_pb_heading title=&#8221;Handeln Sie jetzt, bevor es kritisch wird!&#8221; _builder_version=&#8221;4.27.4&#8243; _module_preset=&#8221;default&#8221; title_text_color=&#8221;gcid-3b529bdc-e703-4dd0-a8fa-4a891ffa68dd&#8221; title_font_size=&#8221;36px&#8221; title_letter_spacing=&#8221;1px&#8221; title_font_size_tablet=&#8221;&#8221; title_font_size_phone=&#8221;35px&#8221; title_font_size_last_edited=&#8221;on|phone&#8221; global_colors_info=&#8221;{%22gcid-3b529bdc-e703-4dd0-a8fa-4a891ffa68dd%22:%91%22title_text_color%22,%22title_text_color%22%93}&#8221;][\/et_pb_heading][\/et_pb_column][\/et_pb_row][et_pb_row column_structure=&#8221;1_3,2_3&#8243; _builder_version=&#8221;4.27.4&#8243; _module_preset=&#8221;default&#8221; global_colors_info=&#8221;{}&#8221;][et_pb_column type=&#8221;1_3&#8243; _builder_version=&#8221;4.27.4&#8243; _module_preset=&#8221;default&#8221; global_colors_info=&#8221;{}&#8221;][\/et_pb_column][et_pb_column type=&#8221;2_3&#8243; _builder_version=&#8221;4.27.4&#8243; _module_preset=&#8221;default&#8221; global_colors_info=&#8221;{}&#8221;][et_pb_text _builder_version=&#8221;4.27.4&#8243; _module_preset=&#8221;default&#8221; text_text_color=&#8221;gcid-3b529bdc-e703-4dd0-a8fa-4a891ffa68dd&#8221; custom_margin=&#8221;0px|||-112px|false|false&#8221; custom_margin_tablet=&#8221;-90px|||55px|false|false&#8221; custom_margin_phone=&#8221;0px|||0px|false|false&#8221; custom_margin_last_edited=&#8221;on|tablet&#8221; global_colors_info=&#8221;{%22gcid-3b529bdc-e703-4dd0-a8fa-4a891ffa68dd%22:%91%22text_text_color%22,%22text_text_color%22,%22text_text_color%22,%22text_text_color%22,%22text_text_color%22,%22text_text_color%22,%22text_text_color%22,%22text_text_color%22%93}&#8221; text_font=&#8221;|300|||||||&#8221; text_font_size=&#8221;18px&#8221; custom_padding=&#8221;||0px|||&#8221;]<\/p>\n<p><span data-contrast=\"auto\">Die NIS2-Richtlinie bringt nicht nur neue Anforderungen, sondern auch strengere Sanktionen bei Nichteinhaltung. Lassen Sie uns gemeinsam pr\u00fcfen, <\/span><b><span data-contrast=\"auto\">wo Ihr Unternehmen steht und welche Ma\u00dfnahmen notwendig sind<\/span><\/b><span data-contrast=\"auto\">, um langfristig abgesichert zu sein.<\/span><span data-ccp-props=\"{&quot;134233117&quot;:false,&quot;134233118&quot;:false,&quot;335551550&quot;:0,&quot;335551620&quot;:0,&quot;335559738&quot;:240,&quot;335559739&quot;:240}\">\u00a0<\/span><\/p>\n<p>[\/et_pb_text][\/et_pb_column][\/et_pb_row][\/et_pb_section][et_pb_section fb_built=&#8221;1&#8243; _builder_version=&#8221;4.27.2&#8243; _module_preset=&#8221;default&#8221; height_tablet=&#8221;780px&#8221; height_phone=&#8221;780px&#8221; height_last_edited=&#8221;on|tablet&#8221; custom_padding=&#8221;0px|||||&#8221; global_colors_info=&#8221;{}&#8221;][et_pb_row column_structure=&#8221;1_2,1_2&#8243; _builder_version=&#8221;4.27.4&#8243; _module_preset=&#8221;default&#8221; width=&#8221;100%&#8221; max_width=&#8221;100%&#8221; min_height=&#8221;148px&#8221; min_height_tablet=&#8221;100px&#8221; min_height_phone=&#8221;100px&#8221; min_height_last_edited=&#8221;on|desktop&#8221; height=&#8221;319px&#8221; height_tablet=&#8221;319px&#8221; height_phone=&#8221;319px&#8221; height_last_edited=&#8221;on|desktop&#8221; custom_margin=&#8221;0px|auto||auto|false|false&#8221; custom_padding=&#8221;0px|||||&#8221; global_colors_info=&#8221;{}&#8221;][et_pb_column type=&#8221;1_2&#8243; _builder_version=&#8221;4.27.2&#8243; _module_preset=&#8221;default&#8221; global_colors_info=&#8221;{}&#8221;][et_pb_slider show_arrows=&#8221;off&#8221; show_pagination=&#8221;off&#8221; _builder_version=&#8221;4.27.4&#8243; _module_preset=&#8221;default&#8221; header_font=&#8221;&#8211;et_global_body_font||||||||&#8221; header_font_size=&#8221;22px&#8221; custom_button=&#8221;on&#8221; button_text_size=&#8221;16px&#8221; button_border_radius=&#8221;15px&#8221; button_font=&#8221;|300|||||||&#8221; z_index=&#8221;-92&#8243; min_height=&#8221;100%&#8221; custom_margin=&#8221;-10px||||false|false&#8221; header_font_size_tablet=&#8221;&#8221; header_font_size_phone=&#8221;&#8221; header_font_size_last_edited=&#8221;on|phone&#8221; border_width_bottom=&#8221;100px&#8221; border_color_bottom=&#8221;gcid-0f21620e-5035-4a76-97c3-a31495561647&#8243; border_width_bottom_tablet=&#8221;20px&#8221; border_width_bottom_phone=&#8221;50px&#8221; border_width_bottom_last_edited=&#8221;on|phone&#8221; global_colors_info=&#8221;{%22gcid-0f21620e-5035-4a76-97c3-a31495561647%22:%91%22border_color_bottom%22%93}&#8221;][et_pb_slide heading=&#8221;KOSTENFREIES PROBEGESPR\u00c4CH&#8221; button_text=&#8221;ANMELDEN&#8221; button_link=&#8221;https:\/\/www.gradientsolutions.io\/?page_id=402&#8243; _builder_version=&#8221;4.27.4&#8243; _module_preset=&#8221;default&#8221; header_font=&#8221;&#8211;et_global_heading_font|600|||||||&#8221; header_letter_spacing=&#8221;5px&#8221; background_color=&#8221;gcid-0f21620e-5035-4a76-97c3-a31495561647&#8243; background_enable_color=&#8221;on&#8221; custom_button=&#8221;on&#8221; button_text_color=&#8221;#000000&#8243; button_bg_color=&#8221;#FFFFFF&#8221; button_border_color=&#8221;#FFFFFF&#8221; button_border_radius=&#8221;8px&#8221; button_letter_spacing=&#8221;4px&#8221; button_font=&#8221;|600|||||||&#8221; button_alignment=&#8221;center&#8221; button_custom_padding=&#8221;11px||11px||true|false&#8221; header_font_size_tablet=&#8221;&#8221; header_font_size_phone=&#8221;24px&#8221; header_font_size_last_edited=&#8221;on|phone&#8221; box_shadow_style_button=&#8221;preset1&#8243; box_shadow_blur_button=&#8221;8px&#8221; box_shadow_spread_button=&#8221;-3px&#8221; global_colors_info=&#8221;{%22gcid-0f21620e-5035-4a76-97c3-a31495561647%22:%91%22background_color%22%93}&#8221; sticky_transition=&#8221;on&#8221;][\/et_pb_slide][\/et_pb_slider][\/et_pb_column][et_pb_column type=&#8221;1_2&#8243; _builder_version=&#8221;4.27.2&#8243; _module_preset=&#8221;default&#8221; global_colors_info=&#8221;{}&#8221;][et_pb_text _builder_version=&#8221;4.27.4&#8243; _module_preset=&#8221;default&#8221; text_font=&#8221;&#8211;et_global_body_font||||||||&#8221; text_font_size=&#8221;18px&#8221; header_font=&#8221;&#8211;et_global_heading_font|700|||||||&#8221; header_font_size=&#8221;22px&#8221; header_letter_spacing=&#8221;1px&#8221; min_height=&#8221;36px&#8221; custom_margin=&#8221;||27px|||&#8221; custom_padding=&#8221;64px|||||&#8221; global_colors_info=&#8221;{}&#8221;]<\/p>\n<h1 style=\"text-align: center;\">GRADIENT SOLUTIONS NEWSLETTER<\/h1>\n<p style=\"text-align: center;\">Melde dich an f\u00fcr die aktuellen Trends in der IT<\/p>\n<p>[\/et_pb_text][et_pb_code _builder_version=&#8221;4.27.2&#8243; _module_preset=&#8221;default&#8221; width=&#8221;2092.9%&#8221; max_width=&#8221;83%&#8221; max_width_tablet=&#8221;57%&#8221; max_width_phone=&#8221;88%&#8221; max_width_last_edited=&#8221;on|desktop&#8221; module_alignment=&#8221;center&#8221; custom_margin=&#8221;|104px||320px||&#8221; custom_padding=&#8221;|0px|48px|0px||&#8221; global_colors_info=&#8221;{}&#8221;]<iframe loading=\"lazy\" src=\"https:\/\/embeds.beehiiv.com\/c5263623-3a3c-4f09-8e98-556d2d6870d8?slim=true\" data-test-id=\"beehiiv-embed\" height=\"52\" width=\"200%\" frameborder=\"0\" scrolling=\"no\" style=\"margin: 0; border-radius: 0px !important; background-color: transparent;\"><\/iframe>[\/et_pb_code][\/et_pb_column][\/et_pb_row][\/et_pb_section]<\/p>\n","protected":false},"excerpt":{"rendered":"<p>Die neue NIS2-Richtlinie definiert strengere Anforderungen an die Cybersicherheit und betrifft viele Unternehmen \u2013 oft auch solche, die sich bisher nicht als klassische Zielgruppe f\u00fcr IT-Security-Regulierungen gesehen haben. Doch welche Ma\u00dfnahmen sind erforderlich? Wo beginnt man, und wie stellt man sicher, dass man konform bleibt, ohne den Betrieb unn\u00f6tig zu belasten? Ist Ihr Unternehmen bereit [&hellip;]<\/p>\n","protected":false},"author":2,"featured_media":0,"parent":0,"menu_order":0,"comment_status":"closed","ping_status":"closed","template":"","meta":{"_et_pb_use_builder":"on","_et_pb_old_content":"<!-- wp:divi\/placeholder \/-->","_et_gb_content_width":"","om_disable_all_campaigns":false,"_monsterinsights_skip_tracking":false,"_monsterinsights_sitenote_active":false,"_monsterinsights_sitenote_note":"","_monsterinsights_sitenote_category":0,"footnotes":""},"class_list":["post-1351","page","type-page","status-publish","hentry"],"yoast_head":"<!-- This site is optimized with the Yoast SEO plugin v27.6 - https:\/\/yoast.com\/product\/yoast-seo-wordpress\/ -->\n<title>IT-Sicherheit und NIS2 - Gradient Solutions<\/title>\n<meta name=\"robots\" content=\"index, follow, max-snippet:-1, max-image-preview:large, max-video-preview:-1\" \/>\n<link rel=\"canonical\" href=\"https:\/\/www.gradientsolutions.io\/de\/it-sicherheit-und-nis2\/\" \/>\n<meta property=\"og:locale\" content=\"de_DE\" \/>\n<meta property=\"og:type\" content=\"article\" \/>\n<meta property=\"og:title\" content=\"IT-Sicherheit und NIS2 - Gradient Solutions\" \/>\n<meta property=\"og:description\" content=\"Die neue NIS2-Richtlinie definiert strengere Anforderungen an die Cybersicherheit und betrifft viele Unternehmen \u2013 oft auch solche, die sich bisher nicht als klassische Zielgruppe f\u00fcr IT-Security-Regulierungen gesehen haben. Doch welche Ma\u00dfnahmen sind erforderlich? Wo beginnt man, und wie stellt man sicher, dass man konform bleibt, ohne den Betrieb unn\u00f6tig zu belasten? Ist Ihr Unternehmen bereit [&hellip;]\" \/>\n<meta property=\"og:url\" content=\"https:\/\/www.gradientsolutions.io\/de\/it-sicherheit-und-nis2\/\" \/>\n<meta property=\"og:site_name\" content=\"Gradient Solutions\" \/>\n<meta property=\"article:modified_time\" content=\"2025-05-08T09:38:32+00:00\" \/>\n<meta name=\"twitter:card\" content=\"summary_large_image\" \/>\n<script type=\"application\/ld+json\" class=\"yoast-schema-graph\">{\"@context\":\"https:\\\/\\\/schema.org\",\"@graph\":[{\"@type\":\"WebPage\",\"@id\":\"https:\\\/\\\/www.gradientsolutions.io\\\/it-sicherheit-und-nis2\\\/\",\"url\":\"https:\\\/\\\/www.gradientsolutions.io\\\/it-sicherheit-und-nis2\\\/\",\"name\":\"IT-Sicherheit und NIS2 - Gradient Solutions\",\"isPartOf\":{\"@id\":\"https:\\\/\\\/www.gradientsolutions.io\\\/#website\"},\"datePublished\":\"2025-04-23T12:14:53+00:00\",\"dateModified\":\"2025-05-08T09:38:32+00:00\",\"breadcrumb\":{\"@id\":\"https:\\\/\\\/www.gradientsolutions.io\\\/it-sicherheit-und-nis2\\\/#breadcrumb\"},\"inLanguage\":\"de-AT\",\"potentialAction\":[{\"@type\":\"ReadAction\",\"target\":[\"https:\\\/\\\/www.gradientsolutions.io\\\/it-sicherheit-und-nis2\\\/\"]}]},{\"@type\":\"BreadcrumbList\",\"@id\":\"https:\\\/\\\/www.gradientsolutions.io\\\/it-sicherheit-und-nis2\\\/#breadcrumb\",\"itemListElement\":[{\"@type\":\"ListItem\",\"position\":1,\"name\":\"Home\",\"item\":\"https:\\\/\\\/www.gradientsolutions.io\\\/\"},{\"@type\":\"ListItem\",\"position\":2,\"name\":\"IT-Sicherheit und NIS2\"}]},{\"@type\":\"WebSite\",\"@id\":\"https:\\\/\\\/www.gradientsolutions.io\\\/#website\",\"url\":\"https:\\\/\\\/www.gradientsolutions.io\\\/\",\"name\":\"Gradient Solutions\",\"description\":\"\",\"potentialAction\":[{\"@type\":\"SearchAction\",\"target\":{\"@type\":\"EntryPoint\",\"urlTemplate\":\"https:\\\/\\\/www.gradientsolutions.io\\\/?s={search_term_string}\"},\"query-input\":{\"@type\":\"PropertyValueSpecification\",\"valueRequired\":true,\"valueName\":\"search_term_string\"}}],\"inLanguage\":\"de-AT\"}]}<\/script>\n<!-- \/ Yoast SEO plugin. -->","yoast_head_json":{"title":"IT-Sicherheit und NIS2 - Gradient Solutions","robots":{"index":"index","follow":"follow","max-snippet":"max-snippet:-1","max-image-preview":"max-image-preview:large","max-video-preview":"max-video-preview:-1"},"canonical":"https:\/\/www.gradientsolutions.io\/de\/it-sicherheit-und-nis2\/","og_locale":"de_DE","og_type":"article","og_title":"IT-Sicherheit und NIS2 - Gradient Solutions","og_description":"Die neue NIS2-Richtlinie definiert strengere Anforderungen an die Cybersicherheit und betrifft viele Unternehmen \u2013 oft auch solche, die sich bisher nicht als klassische Zielgruppe f\u00fcr IT-Security-Regulierungen gesehen haben. Doch welche Ma\u00dfnahmen sind erforderlich? Wo beginnt man, und wie stellt man sicher, dass man konform bleibt, ohne den Betrieb unn\u00f6tig zu belasten? Ist Ihr Unternehmen bereit [&hellip;]","og_url":"https:\/\/www.gradientsolutions.io\/de\/it-sicherheit-und-nis2\/","og_site_name":"Gradient Solutions","article_modified_time":"2025-05-08T09:38:32+00:00","twitter_card":"summary_large_image","schema":{"@context":"https:\/\/schema.org","@graph":[{"@type":"WebPage","@id":"https:\/\/www.gradientsolutions.io\/it-sicherheit-und-nis2\/","url":"https:\/\/www.gradientsolutions.io\/it-sicherheit-und-nis2\/","name":"IT-Sicherheit und NIS2 - Gradient Solutions","isPartOf":{"@id":"https:\/\/www.gradientsolutions.io\/#website"},"datePublished":"2025-04-23T12:14:53+00:00","dateModified":"2025-05-08T09:38:32+00:00","breadcrumb":{"@id":"https:\/\/www.gradientsolutions.io\/it-sicherheit-und-nis2\/#breadcrumb"},"inLanguage":"de-AT","potentialAction":[{"@type":"ReadAction","target":["https:\/\/www.gradientsolutions.io\/it-sicherheit-und-nis2\/"]}]},{"@type":"BreadcrumbList","@id":"https:\/\/www.gradientsolutions.io\/it-sicherheit-und-nis2\/#breadcrumb","itemListElement":[{"@type":"ListItem","position":1,"name":"Home","item":"https:\/\/www.gradientsolutions.io\/"},{"@type":"ListItem","position":2,"name":"IT-Sicherheit und NIS2"}]},{"@type":"WebSite","@id":"https:\/\/www.gradientsolutions.io\/#website","url":"https:\/\/www.gradientsolutions.io\/","name":"Gradient Solutions","description":"","potentialAction":[{"@type":"SearchAction","target":{"@type":"EntryPoint","urlTemplate":"https:\/\/www.gradientsolutions.io\/?s={search_term_string}"},"query-input":{"@type":"PropertyValueSpecification","valueRequired":true,"valueName":"search_term_string"}}],"inLanguage":"de-AT"}]}},"_links":{"self":[{"href":"https:\/\/www.gradientsolutions.io\/de\/wp-json\/wp\/v2\/pages\/1351","targetHints":{"allow":["GET"]}}],"collection":[{"href":"https:\/\/www.gradientsolutions.io\/de\/wp-json\/wp\/v2\/pages"}],"about":[{"href":"https:\/\/www.gradientsolutions.io\/de\/wp-json\/wp\/v2\/types\/page"}],"author":[{"embeddable":true,"href":"https:\/\/www.gradientsolutions.io\/de\/wp-json\/wp\/v2\/users\/2"}],"replies":[{"embeddable":true,"href":"https:\/\/www.gradientsolutions.io\/de\/wp-json\/wp\/v2\/comments?post=1351"}],"version-history":[{"count":6,"href":"https:\/\/www.gradientsolutions.io\/de\/wp-json\/wp\/v2\/pages\/1351\/revisions"}],"predecessor-version":[{"id":1491,"href":"https:\/\/www.gradientsolutions.io\/de\/wp-json\/wp\/v2\/pages\/1351\/revisions\/1491"}],"wp:attachment":[{"href":"https:\/\/www.gradientsolutions.io\/de\/wp-json\/wp\/v2\/media?parent=1351"}],"curies":[{"name":"wp","href":"https:\/\/api.w.org\/{rel}","templated":true}]}}