{"id":1349,"date":"2025-04-23T14:14:13","date_gmt":"2025-04-23T12:14:13","guid":{"rendered":"https:\/\/www.gradientsolutions.io\/?page_id=1349"},"modified":"2025-05-08T11:38:57","modified_gmt":"2025-05-08T09:38:57","slug":"digitalisierung","status":"publish","type":"page","link":"https:\/\/www.gradientsolutions.io\/de\/digitalisierung\/","title":{"rendered":"Digitalisierung"},"content":{"rendered":"<p>[et_pb_section fb_built=&#8221;1&#8243; _builder_version=&#8221;4.27.4&#8243; _module_preset=&#8221;default&#8221; background_color=&#8221;gcid-0f21620e-5035-4a76-97c3-a31495561647&#8243; global_colors_info=&#8221;{%22gcid-0f21620e-5035-4a76-97c3-a31495561647%22:%91%22background_color%22%93}&#8221;][et_pb_row column_structure=&#8221;2_3,1_3&#8243; _builder_version=&#8221;4.27.4&#8243; _module_preset=&#8221;default&#8221; global_colors_info=&#8221;{}&#8221;][et_pb_column type=&#8221;2_3&#8243; _builder_version=&#8221;4.27.4&#8243; _module_preset=&#8221;default&#8221; global_colors_info=&#8221;{}&#8221;][et_pb_heading title=&#8221;Digitalisierung&#8221; _builder_version=&#8221;4.27.4&#8243; _module_preset=&#8221;default&#8221; title_text_color=&#8221;#FFFFFF&#8221; title_font_size=&#8221;54px&#8221; title_letter_spacing=&#8221;1px&#8221; positioning=&#8221;absolute&#8221; position_origin_a=&#8221;bottom_center&#8221; position_origin_r=&#8221;bottom_left&#8221; vertical_offset=&#8221;-300px&#8221; width=&#8221;100%&#8221; title_font_size_tablet=&#8221;50px&#8221; title_font_size_phone=&#8221;37px&#8221; title_font_size_last_edited=&#8221;on|phone&#8221; global_colors_info=&#8221;{}&#8221;][\/et_pb_heading][\/et_pb_column][et_pb_column type=&#8221;1_3&#8243; _builder_version=&#8221;4.27.4&#8243; _module_preset=&#8221;default&#8221; global_colors_info=&#8221;{}&#8221;][et_pb_image src=&#8221;https:\/\/www.gradientsolutions.io\/wp-content\/uploads\/2025\/03\/platform.png&#8221; title_text=&#8221;platform&#8221; _builder_version=&#8221;4.27.4&#8243; _module_preset=&#8221;default&#8221; global_colors_info=&#8221;{}&#8221;][\/et_pb_image][\/et_pb_column][\/et_pb_row][\/et_pb_section][et_pb_section fb_built=&#8221;1&#8243; _builder_version=&#8221;4.27.4&#8243; _module_preset=&#8221;default&#8221; global_colors_info=&#8221;{}&#8221;][et_pb_row _builder_version=&#8221;4.27.4&#8243; _module_preset=&#8221;default&#8221; global_colors_info=&#8221;{}&#8221;][et_pb_column type=&#8221;4_4&#8243; _builder_version=&#8221;4.27.4&#8243; _module_preset=&#8221;default&#8221; global_colors_info=&#8221;{}&#8221;][et_pb_heading title=&#8221;Warum ist Digitalisierung mehr als nur neue Tools? &#8221; _builder_version=&#8221;4.27.4&#8243; _module_preset=&#8221;default&#8221; title_text_color=&#8221;gcid-3b529bdc-e703-4dd0-a8fa-4a891ffa68dd&#8221; title_font_size=&#8221;36px&#8221; title_letter_spacing=&#8221;1px&#8221; title_font_size_tablet=&#8221;&#8221; title_font_size_phone=&#8221;35px&#8221; title_font_size_last_edited=&#8221;on|phone&#8221; global_colors_info=&#8221;{%22gcid-3b529bdc-e703-4dd0-a8fa-4a891ffa68dd%22:%91%22title_text_color%22,%22title_text_color%22%93}&#8221;][\/et_pb_heading][\/et_pb_column][\/et_pb_row][et_pb_row column_structure=&#8221;1_3,2_3&#8243; _builder_version=&#8221;4.27.4&#8243; _module_preset=&#8221;default&#8221; global_colors_info=&#8221;{}&#8221;][et_pb_column type=&#8221;1_3&#8243; _builder_version=&#8221;4.27.4&#8243; _module_preset=&#8221;default&#8221; global_colors_info=&#8221;{}&#8221;][\/et_pb_column][et_pb_column type=&#8221;2_3&#8243; _builder_version=&#8221;4.27.4&#8243; _module_preset=&#8221;default&#8221; global_colors_info=&#8221;{}&#8221;][et_pb_text _builder_version=&#8221;4.27.4&#8243; _module_preset=&#8221;default&#8221; text_text_color=&#8221;gcid-3b529bdc-e703-4dd0-a8fa-4a891ffa68dd&#8221; custom_margin=&#8221;0px|||-112px|false|false&#8221; custom_margin_tablet=&#8221;-90px|||55px|false|false&#8221; custom_margin_phone=&#8221;0px|||0px|false|false&#8221; custom_margin_last_edited=&#8221;on|tablet&#8221; global_colors_info=&#8221;{%22gcid-3b529bdc-e703-4dd0-a8fa-4a891ffa68dd%22:%91%22text_text_color%22,%22text_text_color%22,%22text_text_color%22,%22text_text_color%22,%22text_text_color%22,%22text_text_color%22,%22text_text_color%22,%22text_text_color%22%93}&#8221; text_font=&#8221;|300|||||||&#8221; text_font_size=&#8221;18px&#8221; custom_padding=&#8221;||0px|||&#8221;]<\/p>\n<p><span data-contrast=\"none\">Ein neues System allein reicht nicht aus, um Ihr Unternehmen zukunftssicher zu machen. Digitalisierung bedeutet, Prozesse zu optimieren, Arbeitsweisen anzupassen und die gesamte Organisation auf den Wandel vorzubereiten \u2013 sowohl <\/span><b><span data-contrast=\"none\">technologisch als auch strukturell und kulturell<\/span><\/b><span data-contrast=\"none\">. Doch welche Technologien machen wirklich Sinn? Und wie sorgt man daf\u00fcr, dass die Transformation nicht auf halbem Weg stecken bleibt?<\/span><span data-ccp-props=\"{&quot;134245418&quot;:true,&quot;134245529&quot;:true,&quot;335559738&quot;:319,&quot;335559739&quot;:319}\">\u00a0<\/span><\/p>\n<p>[\/et_pb_text][\/et_pb_column][\/et_pb_row][et_pb_row _builder_version=&#8221;4.27.4&#8243; _module_preset=&#8221;default&#8221; global_colors_info=&#8221;{}&#8221;][et_pb_column type=&#8221;4_4&#8243; _builder_version=&#8221;4.27.4&#8243; _module_preset=&#8221;default&#8221; global_colors_info=&#8221;{}&#8221;][et_pb_heading title=&#8221;Wie unterst\u00fctzen wir Sie dabei? &#8221; _builder_version=&#8221;4.27.4&#8243; _module_preset=&#8221;default&#8221; title_text_color=&#8221;gcid-3b529bdc-e703-4dd0-a8fa-4a891ffa68dd&#8221; title_font_size=&#8221;36px&#8221; title_letter_spacing=&#8221;1px&#8221; title_font_size_tablet=&#8221;&#8221; title_font_size_phone=&#8221;35px&#8221; title_font_size_last_edited=&#8221;on|phone&#8221; global_colors_info=&#8221;{%22gcid-3b529bdc-e703-4dd0-a8fa-4a891ffa68dd%22:%91%22title_text_color%22,%22title_text_color%22%93}&#8221;][\/et_pb_heading][\/et_pb_column][\/et_pb_row][et_pb_row column_structure=&#8221;1_3,2_3&#8243; _builder_version=&#8221;4.27.4&#8243; _module_preset=&#8221;default&#8221; global_colors_info=&#8221;{}&#8221;][et_pb_column type=&#8221;1_3&#8243; _builder_version=&#8221;4.27.4&#8243; _module_preset=&#8221;default&#8221; global_colors_info=&#8221;{}&#8221;][\/et_pb_column][et_pb_column type=&#8221;2_3&#8243; _builder_version=&#8221;4.27.4&#8243; _module_preset=&#8221;default&#8221; global_colors_info=&#8221;{}&#8221;][et_pb_text _builder_version=&#8221;4.27.4&#8243; _module_preset=&#8221;default&#8221; text_text_color=&#8221;gcid-3b529bdc-e703-4dd0-a8fa-4a891ffa68dd&#8221; custom_margin=&#8221;0px|||-112px|false|false&#8221; custom_margin_tablet=&#8221;-90px|||55px|false|false&#8221; custom_margin_phone=&#8221;0px|||0px|false|false&#8221; custom_margin_last_edited=&#8221;on|tablet&#8221; global_colors_info=&#8221;{%22gcid-3b529bdc-e703-4dd0-a8fa-4a891ffa68dd%22:%91%22text_text_color%22,%22text_text_color%22,%22text_text_color%22,%22text_text_color%22,%22text_text_color%22,%22text_text_color%22,%22text_text_color%22,%22text_text_color%22%93}&#8221; text_font=&#8221;|300|||||||&#8221; text_font_size=&#8221;18px&#8221; custom_padding=&#8221;||0px|||&#8221;]<\/p>\n<p aria-level=\"4\"><span data-contrast=\"none\">Wir helfen Unternehmen, den digitalen und organisatorischen Wandel strategisch und nachhaltig zu gestalten \u2013 von der ersten Idee bis zur erfolgreichen Umsetzung. Dazu geh\u00f6rt:<\/span><span data-ccp-props=\"{&quot;134245418&quot;:true,&quot;134245529&quot;:true,&quot;335559738&quot;:319,&quot;335559739&quot;:319}\">\u00a0<\/span><\/p>\n<ul>\n<li data-leveltext=\"\uf0b7\" data-font=\"Symbol\" data-listid=\"8\" data-list-defn-props=\"{&quot;335552541&quot;:1,&quot;335559685&quot;:720,&quot;335559991&quot;:360,&quot;469769226&quot;:&quot;Symbol&quot;,&quot;469769242&quot;:[8226],&quot;469777803&quot;:&quot;left&quot;,&quot;469777804&quot;:&quot;\uf0b7&quot;,&quot;469777815&quot;:&quot;hybridMultilevel&quot;}\" aria-setsize=\"-1\" data-aria-posinset=\"1\" data-aria-level=\"1\"><b><span data-contrast=\"auto\">Strategie statt Chaos:<\/span><\/b><span data-contrast=\"auto\"> Digitalisierung braucht eine klare Roadmap. Wir analysieren Ihre Prozesse, identifizieren Optimierungspotenziale und entwickeln eine ma\u00dfgeschneiderte Strategie f\u00fcr Ihre digitale Transformation.<\/span><span data-ccp-props=\"{&quot;335559739&quot;:0}\">\u00a0<\/span><\/li>\n<\/ul>\n<ul>\n<li data-leveltext=\"\uf0b7\" data-font=\"Symbol\" data-listid=\"8\" data-list-defn-props=\"{&quot;335552541&quot;:1,&quot;335559685&quot;:720,&quot;335559991&quot;:360,&quot;469769226&quot;:&quot;Symbol&quot;,&quot;469769242&quot;:[8226],&quot;469777803&quot;:&quot;left&quot;,&quot;469777804&quot;:&quot;\uf0b7&quot;,&quot;469777815&quot;:&quot;hybridMultilevel&quot;}\" aria-setsize=\"-1\" data-aria-posinset=\"2\" data-aria-level=\"1\"><b><span data-contrast=\"auto\">Technologie mit Mehrwert:<\/span><\/b><span data-contrast=\"auto\"> Ob CRM-, ERP- oder PIM-Systeme, HR-Software, Data Analytics, Automatisierungs-Tools oder digitale Kollaborationsplattformen \u2013 wir beraten system-unabh\u00e4ngig und helfen Ihnen, die richtige L\u00f6sung f\u00fcr Ihr Unternehmen zu finden.<\/span><span data-ccp-props=\"{&quot;335559739&quot;:0}\">\u00a0<\/span><\/li>\n<\/ul>\n<ul>\n<li data-leveltext=\"\uf0b7\" data-font=\"Symbol\" data-listid=\"8\" data-list-defn-props=\"{&quot;335552541&quot;:1,&quot;335559685&quot;:720,&quot;335559991&quot;:360,&quot;469769226&quot;:&quot;Symbol&quot;,&quot;469769242&quot;:[8226],&quot;469777803&quot;:&quot;left&quot;,&quot;469777804&quot;:&quot;\uf0b7&quot;,&quot;469777815&quot;:&quot;hybridMultilevel&quot;}\" aria-setsize=\"-1\" data-aria-posinset=\"3\" data-aria-level=\"1\"><b><span data-contrast=\"auto\">Change-Management als Erfolgsfaktor:<\/span><\/b><span data-contrast=\"auto\"> Ver\u00e4nderung betrifft nicht nur Systeme, sondern auch Menschen und Unternehmenskultur. Wir begleiten den gesamten Transformationsprozess, sorgen f\u00fcr Akzeptanz, setzen gezielte Ma\u00dfnahmen zur Unterst\u00fctzung der Mitarbeiter um und helfen dabei, Widerst\u00e4nde zu \u00fcberwinden.<\/span><span data-ccp-props=\"{&quot;335559739&quot;:0}\">\u00a0<\/span><\/li>\n<\/ul>\n<ul>\n<li data-leveltext=\"\uf0b7\" data-font=\"Symbol\" data-listid=\"8\" data-list-defn-props=\"{&quot;335552541&quot;:1,&quot;335559685&quot;:720,&quot;335559991&quot;:360,&quot;469769226&quot;:&quot;Symbol&quot;,&quot;469769242&quot;:[8226],&quot;469777803&quot;:&quot;left&quot;,&quot;469777804&quot;:&quot;\uf0b7&quot;,&quot;469777815&quot;:&quot;hybridMultilevel&quot;}\" aria-setsize=\"-1\" data-aria-posinset=\"4\" data-aria-level=\"1\"><b><span data-contrast=\"auto\">Methoden, die passen:<\/span><\/b><span data-contrast=\"auto\"> Ob klassisch, agil oder hybrid \u2013 wir w\u00e4hlen die beste Vorgehensweise f\u00fcr Ihr Projekt, um eine effiziente und reibungslose Umsetzung sicherzustellen.<\/span><\/li>\n<\/ul>\n<p>[\/et_pb_text][\/et_pb_column][\/et_pb_row][et_pb_row _builder_version=&#8221;4.27.4&#8243; _module_preset=&#8221;default&#8221; global_colors_info=&#8221;{}&#8221;][et_pb_column type=&#8221;4_4&#8243; _builder_version=&#8221;4.27.4&#8243; _module_preset=&#8221;default&#8221; global_colors_info=&#8221;{}&#8221;][et_pb_heading title=&#8221;Ihr Weg zur erfolgreichen Digitalisierung &#038; Transformation &#8221; _builder_version=&#8221;4.27.4&#8243; _module_preset=&#8221;default&#8221; title_text_color=&#8221;gcid-3b529bdc-e703-4dd0-a8fa-4a891ffa68dd&#8221; title_font_size=&#8221;36px&#8221; title_letter_spacing=&#8221;1px&#8221; title_font_size_tablet=&#8221;&#8221; title_font_size_phone=&#8221;35px&#8221; title_font_size_last_edited=&#8221;on|phone&#8221; global_colors_info=&#8221;{%22gcid-3b529bdc-e703-4dd0-a8fa-4a891ffa68dd%22:%91%22title_text_color%22,%22title_text_color%22%93}&#8221;][\/et_pb_heading][\/et_pb_column][\/et_pb_row][et_pb_row column_structure=&#8221;1_3,2_3&#8243; _builder_version=&#8221;4.27.4&#8243; _module_preset=&#8221;default&#8221; global_colors_info=&#8221;{}&#8221;][et_pb_column type=&#8221;1_3&#8243; _builder_version=&#8221;4.27.4&#8243; _module_preset=&#8221;default&#8221; global_colors_info=&#8221;{}&#8221;][\/et_pb_column][et_pb_column type=&#8221;2_3&#8243; _builder_version=&#8221;4.27.4&#8243; _module_preset=&#8221;default&#8221; global_colors_info=&#8221;{}&#8221;][et_pb_text _builder_version=&#8221;4.27.4&#8243; _module_preset=&#8221;default&#8221; text_text_color=&#8221;gcid-3b529bdc-e703-4dd0-a8fa-4a891ffa68dd&#8221; custom_margin=&#8221;0px|||-112px|false|false&#8221; custom_margin_tablet=&#8221;-90px|||55px|false|false&#8221; custom_margin_phone=&#8221;0px|||0px|false|false&#8221; custom_margin_last_edited=&#8221;on|tablet&#8221; global_colors_info=&#8221;{%22gcid-3b529bdc-e703-4dd0-a8fa-4a891ffa68dd%22:%91%22text_text_color%22,%22text_text_color%22,%22text_text_color%22,%22text_text_color%22,%22text_text_color%22,%22text_text_color%22,%22text_text_color%22,%22text_text_color%22%93}&#8221; text_font=&#8221;|300|||||||&#8221; text_font_size=&#8221;18px&#8221; custom_padding=&#8221;||0px|||&#8221;]<\/p>\n<p><span data-contrast=\"auto\">Digitalisierung ist kein Selbstzweck \u2013 sie soll Ihr Unternehmen leistungsf\u00e4higer, effizienter und anpassungsf\u00e4higer machen. Mit unserem strukturierten, praxisnahen Ansatz sorgen wir daf\u00fcr, dass Ihr Transformationsprojekt nicht nur gestartet, sondern auch nachhaltig erfolgreich abgeschlossen wird.<\/span><\/p>\n<p>[\/et_pb_text][\/et_pb_column][\/et_pb_row][\/et_pb_section][et_pb_section fb_built=&#8221;1&#8243; _builder_version=&#8221;4.27.2&#8243; _module_preset=&#8221;default&#8221; height_tablet=&#8221;780px&#8221; height_phone=&#8221;780px&#8221; height_last_edited=&#8221;on|tablet&#8221; custom_padding=&#8221;0px|||||&#8221; global_colors_info=&#8221;{}&#8221;][et_pb_row column_structure=&#8221;1_2,1_2&#8243; _builder_version=&#8221;4.27.4&#8243; _module_preset=&#8221;default&#8221; width=&#8221;100%&#8221; max_width=&#8221;100%&#8221; min_height=&#8221;148px&#8221; min_height_tablet=&#8221;100px&#8221; min_height_phone=&#8221;100px&#8221; min_height_last_edited=&#8221;on|desktop&#8221; height=&#8221;319px&#8221; height_tablet=&#8221;319px&#8221; height_phone=&#8221;319px&#8221; height_last_edited=&#8221;on|desktop&#8221; custom_margin=&#8221;0px|auto||auto|false|false&#8221; custom_padding=&#8221;0px|||||&#8221; global_colors_info=&#8221;{}&#8221;][et_pb_column type=&#8221;1_2&#8243; _builder_version=&#8221;4.27.2&#8243; _module_preset=&#8221;default&#8221; global_colors_info=&#8221;{}&#8221;][et_pb_slider show_arrows=&#8221;off&#8221; show_pagination=&#8221;off&#8221; _builder_version=&#8221;4.27.4&#8243; _module_preset=&#8221;default&#8221; header_font=&#8221;&#8211;et_global_body_font||||||||&#8221; header_font_size=&#8221;22px&#8221; custom_button=&#8221;on&#8221; button_text_size=&#8221;16px&#8221; button_border_radius=&#8221;15px&#8221; button_font=&#8221;|300|||||||&#8221; z_index=&#8221;-92&#8243; min_height=&#8221;100%&#8221; custom_margin=&#8221;-10px||||false|false&#8221; header_font_size_tablet=&#8221;&#8221; header_font_size_phone=&#8221;&#8221; header_font_size_last_edited=&#8221;on|phone&#8221; border_width_bottom=&#8221;100px&#8221; border_color_bottom=&#8221;gcid-0f21620e-5035-4a76-97c3-a31495561647&#8243; border_width_bottom_tablet=&#8221;20px&#8221; border_width_bottom_phone=&#8221;50px&#8221; border_width_bottom_last_edited=&#8221;on|phone&#8221; global_colors_info=&#8221;{%22gcid-0f21620e-5035-4a76-97c3-a31495561647%22:%91%22border_color_bottom%22%93}&#8221;][et_pb_slide heading=&#8221;KOSTENFREIES PROBEGESPR\u00c4CH&#8221; button_text=&#8221;ANMELDEN&#8221; button_link=&#8221;https:\/\/www.gradientsolutions.io\/?page_id=402&#8243; _builder_version=&#8221;4.27.4&#8243; _module_preset=&#8221;default&#8221; header_font=&#8221;&#8211;et_global_heading_font|600|||||||&#8221; header_letter_spacing=&#8221;5px&#8221; background_color=&#8221;gcid-0f21620e-5035-4a76-97c3-a31495561647&#8243; background_enable_color=&#8221;on&#8221; custom_button=&#8221;on&#8221; button_text_color=&#8221;#000000&#8243; button_bg_color=&#8221;#FFFFFF&#8221; button_border_color=&#8221;#FFFFFF&#8221; button_border_radius=&#8221;8px&#8221; button_letter_spacing=&#8221;4px&#8221; button_font=&#8221;|600|||||||&#8221; button_alignment=&#8221;center&#8221; button_custom_padding=&#8221;11px||11px||true|false&#8221; header_font_size_tablet=&#8221;&#8221; header_font_size_phone=&#8221;24px&#8221; header_font_size_last_edited=&#8221;on|phone&#8221; box_shadow_style_button=&#8221;preset1&#8243; box_shadow_blur_button=&#8221;8px&#8221; box_shadow_spread_button=&#8221;-3px&#8221; global_colors_info=&#8221;{%22gcid-0f21620e-5035-4a76-97c3-a31495561647%22:%91%22background_color%22%93}&#8221; sticky_transition=&#8221;on&#8221;][\/et_pb_slide][\/et_pb_slider][\/et_pb_column][et_pb_column type=&#8221;1_2&#8243; _builder_version=&#8221;4.27.2&#8243; _module_preset=&#8221;default&#8221; global_colors_info=&#8221;{}&#8221;][et_pb_text _builder_version=&#8221;4.27.4&#8243; _module_preset=&#8221;default&#8221; text_font=&#8221;&#8211;et_global_body_font||||||||&#8221; text_font_size=&#8221;18px&#8221; header_font=&#8221;&#8211;et_global_heading_font|700|||||||&#8221; header_font_size=&#8221;22px&#8221; header_letter_spacing=&#8221;1px&#8221; min_height=&#8221;36px&#8221; custom_margin=&#8221;||27px|||&#8221; custom_padding=&#8221;64px|||||&#8221; global_colors_info=&#8221;{}&#8221;]<\/p>\n<h1 style=\"text-align: center;\">GRADIENT SOLUTIONS NEWSLETTER<\/h1>\n<p style=\"text-align: center;\">Melde dich an f\u00fcr die aktuellen Trends in der IT<\/p>\n<p>[\/et_pb_text][et_pb_code _builder_version=&#8221;4.27.2&#8243; _module_preset=&#8221;default&#8221; width=&#8221;2092.9%&#8221; max_width=&#8221;83%&#8221; max_width_tablet=&#8221;57%&#8221; max_width_phone=&#8221;88%&#8221; max_width_last_edited=&#8221;on|desktop&#8221; module_alignment=&#8221;center&#8221; custom_margin=&#8221;|104px||320px||&#8221; custom_padding=&#8221;|0px|48px|0px||&#8221; global_colors_info=&#8221;{}&#8221;]<iframe loading=\"lazy\" src=\"https:\/\/embeds.beehiiv.com\/c5263623-3a3c-4f09-8e98-556d2d6870d8?slim=true\" data-test-id=\"beehiiv-embed\" height=\"52\" width=\"200%\" frameborder=\"0\" scrolling=\"no\" style=\"margin: 0; border-radius: 0px !important; background-color: transparent;\"><\/iframe>[\/et_pb_code][\/et_pb_column][\/et_pb_row][\/et_pb_section]<\/p>\n","protected":false},"excerpt":{"rendered":"<p>Ein neues System allein reicht nicht aus, um Ihr Unternehmen zukunftssicher zu machen. Digitalisierung bedeutet, Prozesse zu optimieren, Arbeitsweisen anzupassen und die gesamte Organisation auf den Wandel vorzubereiten \u2013 sowohl technologisch als auch strukturell und kulturell. Doch welche Technologien machen wirklich Sinn? Und wie sorgt man daf\u00fcr, dass die Transformation nicht auf halbem Weg stecken [&hellip;]<\/p>\n","protected":false},"author":2,"featured_media":0,"parent":0,"menu_order":0,"comment_status":"closed","ping_status":"closed","template":"","meta":{"_et_pb_use_builder":"on","_et_pb_old_content":"<!-- wp:divi\/placeholder \/-->","_et_gb_content_width":"","om_disable_all_campaigns":false,"_monsterinsights_skip_tracking":false,"_monsterinsights_sitenote_active":false,"_monsterinsights_sitenote_note":"","_monsterinsights_sitenote_category":0,"footnotes":""},"class_list":["post-1349","page","type-page","status-publish","hentry"],"yoast_head":"<!-- This site is optimized with the Yoast SEO plugin v27.6 - https:\/\/yoast.com\/product\/yoast-seo-wordpress\/ -->\n<title>Digitalisierung - Gradient Solutions<\/title>\n<meta name=\"robots\" content=\"index, follow, max-snippet:-1, max-image-preview:large, max-video-preview:-1\" \/>\n<link rel=\"canonical\" href=\"https:\/\/www.gradientsolutions.io\/de\/digitalisierung\/\" \/>\n<meta property=\"og:locale\" content=\"de_DE\" \/>\n<meta property=\"og:type\" content=\"article\" \/>\n<meta property=\"og:title\" content=\"Digitalisierung - Gradient Solutions\" \/>\n<meta property=\"og:description\" content=\"Ein neues System allein reicht nicht aus, um Ihr Unternehmen zukunftssicher zu machen. Digitalisierung bedeutet, Prozesse zu optimieren, Arbeitsweisen anzupassen und die gesamte Organisation auf den Wandel vorzubereiten \u2013 sowohl technologisch als auch strukturell und kulturell. Doch welche Technologien machen wirklich Sinn? Und wie sorgt man daf\u00fcr, dass die Transformation nicht auf halbem Weg stecken [&hellip;]\" \/>\n<meta property=\"og:url\" content=\"https:\/\/www.gradientsolutions.io\/de\/digitalisierung\/\" \/>\n<meta property=\"og:site_name\" content=\"Gradient Solutions\" \/>\n<meta property=\"article:modified_time\" content=\"2025-05-08T09:38:57+00:00\" \/>\n<meta name=\"twitter:card\" content=\"summary_large_image\" \/>\n<script type=\"application\/ld+json\" class=\"yoast-schema-graph\">{\"@context\":\"https:\\\/\\\/schema.org\",\"@graph\":[{\"@type\":\"WebPage\",\"@id\":\"https:\\\/\\\/www.gradientsolutions.io\\\/digitalisierung\\\/\",\"url\":\"https:\\\/\\\/www.gradientsolutions.io\\\/digitalisierung\\\/\",\"name\":\"Digitalisierung - Gradient Solutions\",\"isPartOf\":{\"@id\":\"https:\\\/\\\/www.gradientsolutions.io\\\/#website\"},\"datePublished\":\"2025-04-23T12:14:13+00:00\",\"dateModified\":\"2025-05-08T09:38:57+00:00\",\"breadcrumb\":{\"@id\":\"https:\\\/\\\/www.gradientsolutions.io\\\/digitalisierung\\\/#breadcrumb\"},\"inLanguage\":\"de-AT\",\"potentialAction\":[{\"@type\":\"ReadAction\",\"target\":[\"https:\\\/\\\/www.gradientsolutions.io\\\/digitalisierung\\\/\"]}]},{\"@type\":\"BreadcrumbList\",\"@id\":\"https:\\\/\\\/www.gradientsolutions.io\\\/digitalisierung\\\/#breadcrumb\",\"itemListElement\":[{\"@type\":\"ListItem\",\"position\":1,\"name\":\"Home\",\"item\":\"https:\\\/\\\/www.gradientsolutions.io\\\/\"},{\"@type\":\"ListItem\",\"position\":2,\"name\":\"Digitalisierung\"}]},{\"@type\":\"WebSite\",\"@id\":\"https:\\\/\\\/www.gradientsolutions.io\\\/#website\",\"url\":\"https:\\\/\\\/www.gradientsolutions.io\\\/\",\"name\":\"Gradient Solutions\",\"description\":\"\",\"potentialAction\":[{\"@type\":\"SearchAction\",\"target\":{\"@type\":\"EntryPoint\",\"urlTemplate\":\"https:\\\/\\\/www.gradientsolutions.io\\\/?s={search_term_string}\"},\"query-input\":{\"@type\":\"PropertyValueSpecification\",\"valueRequired\":true,\"valueName\":\"search_term_string\"}}],\"inLanguage\":\"de-AT\"}]}<\/script>\n<!-- \/ Yoast SEO plugin. -->","yoast_head_json":{"title":"Digitalisierung - Gradient Solutions","robots":{"index":"index","follow":"follow","max-snippet":"max-snippet:-1","max-image-preview":"max-image-preview:large","max-video-preview":"max-video-preview:-1"},"canonical":"https:\/\/www.gradientsolutions.io\/de\/digitalisierung\/","og_locale":"de_DE","og_type":"article","og_title":"Digitalisierung - Gradient Solutions","og_description":"Ein neues System allein reicht nicht aus, um Ihr Unternehmen zukunftssicher zu machen. Digitalisierung bedeutet, Prozesse zu optimieren, Arbeitsweisen anzupassen und die gesamte Organisation auf den Wandel vorzubereiten \u2013 sowohl technologisch als auch strukturell und kulturell. Doch welche Technologien machen wirklich Sinn? Und wie sorgt man daf\u00fcr, dass die Transformation nicht auf halbem Weg stecken [&hellip;]","og_url":"https:\/\/www.gradientsolutions.io\/de\/digitalisierung\/","og_site_name":"Gradient Solutions","article_modified_time":"2025-05-08T09:38:57+00:00","twitter_card":"summary_large_image","schema":{"@context":"https:\/\/schema.org","@graph":[{"@type":"WebPage","@id":"https:\/\/www.gradientsolutions.io\/digitalisierung\/","url":"https:\/\/www.gradientsolutions.io\/digitalisierung\/","name":"Digitalisierung - Gradient Solutions","isPartOf":{"@id":"https:\/\/www.gradientsolutions.io\/#website"},"datePublished":"2025-04-23T12:14:13+00:00","dateModified":"2025-05-08T09:38:57+00:00","breadcrumb":{"@id":"https:\/\/www.gradientsolutions.io\/digitalisierung\/#breadcrumb"},"inLanguage":"de-AT","potentialAction":[{"@type":"ReadAction","target":["https:\/\/www.gradientsolutions.io\/digitalisierung\/"]}]},{"@type":"BreadcrumbList","@id":"https:\/\/www.gradientsolutions.io\/digitalisierung\/#breadcrumb","itemListElement":[{"@type":"ListItem","position":1,"name":"Home","item":"https:\/\/www.gradientsolutions.io\/"},{"@type":"ListItem","position":2,"name":"Digitalisierung"}]},{"@type":"WebSite","@id":"https:\/\/www.gradientsolutions.io\/#website","url":"https:\/\/www.gradientsolutions.io\/","name":"Gradient Solutions","description":"","potentialAction":[{"@type":"SearchAction","target":{"@type":"EntryPoint","urlTemplate":"https:\/\/www.gradientsolutions.io\/?s={search_term_string}"},"query-input":{"@type":"PropertyValueSpecification","valueRequired":true,"valueName":"search_term_string"}}],"inLanguage":"de-AT"}]}},"_links":{"self":[{"href":"https:\/\/www.gradientsolutions.io\/de\/wp-json\/wp\/v2\/pages\/1349","targetHints":{"allow":["GET"]}}],"collection":[{"href":"https:\/\/www.gradientsolutions.io\/de\/wp-json\/wp\/v2\/pages"}],"about":[{"href":"https:\/\/www.gradientsolutions.io\/de\/wp-json\/wp\/v2\/types\/page"}],"author":[{"embeddable":true,"href":"https:\/\/www.gradientsolutions.io\/de\/wp-json\/wp\/v2\/users\/2"}],"replies":[{"embeddable":true,"href":"https:\/\/www.gradientsolutions.io\/de\/wp-json\/wp\/v2\/comments?post=1349"}],"version-history":[{"count":6,"href":"https:\/\/www.gradientsolutions.io\/de\/wp-json\/wp\/v2\/pages\/1349\/revisions"}],"predecessor-version":[{"id":1493,"href":"https:\/\/www.gradientsolutions.io\/de\/wp-json\/wp\/v2\/pages\/1349\/revisions\/1493"}],"wp:attachment":[{"href":"https:\/\/www.gradientsolutions.io\/de\/wp-json\/wp\/v2\/media?parent=1349"}],"curies":[{"name":"wp","href":"https:\/\/api.w.org\/{rel}","templated":true}]}}