{"id":1344,"date":"2025-04-23T14:12:21","date_gmt":"2025-04-23T12:12:21","guid":{"rendered":"https:\/\/www.gradientsolutions.io\/?page_id=1344"},"modified":"2025-05-08T11:39:45","modified_gmt":"2025-05-08T09:39:45","slug":"it-projektmanagement","status":"publish","type":"page","link":"https:\/\/www.gradientsolutions.io\/de\/it-projektmanagement\/","title":{"rendered":"IT-Projektmanagement"},"content":{"rendered":"<p>[et_pb_section fb_built=&#8221;1&#8243; _builder_version=&#8221;4.27.4&#8243; _module_preset=&#8221;default&#8221; background_color=&#8221;gcid-0f21620e-5035-4a76-97c3-a31495561647&#8243; global_colors_info=&#8221;{%22gcid-0f21620e-5035-4a76-97c3-a31495561647%22:%91%22background_color%22%93}&#8221;][et_pb_row column_structure=&#8221;2_3,1_3&#8243; _builder_version=&#8221;4.27.4&#8243; _module_preset=&#8221;default&#8221; global_colors_info=&#8221;{}&#8221;][et_pb_column type=&#8221;2_3&#8243; _builder_version=&#8221;4.27.4&#8243; _module_preset=&#8221;default&#8221; global_colors_info=&#8221;{}&#8221;][et_pb_heading title=&#8221;IT-Projektmanagement&#8221; _builder_version=&#8221;4.27.4&#8243; _module_preset=&#8221;default&#8221; title_text_color=&#8221;#FFFFFF&#8221; title_font_size=&#8221;54px&#8221; title_letter_spacing=&#8221;1px&#8221; positioning=&#8221;absolute&#8221; position_origin_a=&#8221;bottom_center&#8221; position_origin_r=&#8221;bottom_left&#8221; vertical_offset=&#8221;-300px&#8221; width=&#8221;100%&#8221; title_font_size_tablet=&#8221;50px&#8221; title_font_size_phone=&#8221;37px&#8221; title_font_size_last_edited=&#8221;on|phone&#8221; global_colors_info=&#8221;{}&#8221;][\/et_pb_heading][\/et_pb_column][et_pb_column type=&#8221;1_3&#8243; _builder_version=&#8221;4.27.4&#8243; _module_preset=&#8221;default&#8221; global_colors_info=&#8221;{}&#8221;][et_pb_image src=&#8221;https:\/\/www.gradientsolutions.io\/wp-content\/uploads\/2025\/03\/folder.png&#8221; title_text=&#8221;folder&#8221; _builder_version=&#8221;4.27.4&#8243; _module_preset=&#8221;default&#8221; global_colors_info=&#8221;{}&#8221;][\/et_pb_image][\/et_pb_column][\/et_pb_row][\/et_pb_section][et_pb_section fb_built=&#8221;1&#8243; _builder_version=&#8221;4.27.4&#8243; _module_preset=&#8221;default&#8221; global_colors_info=&#8221;{}&#8221;][et_pb_row _builder_version=&#8221;4.27.4&#8243; _module_preset=&#8221;default&#8221; global_colors_info=&#8221;{}&#8221;][et_pb_column type=&#8221;4_4&#8243; _builder_version=&#8221;4.27.4&#8243; _module_preset=&#8221;default&#8221; global_colors_info=&#8221;{}&#8221;][et_pb_heading title=&#8221;Warum bei uns?&#8221; _builder_version=&#8221;4.27.4&#8243; _module_preset=&#8221;default&#8221; title_text_color=&#8221;gcid-3b529bdc-e703-4dd0-a8fa-4a891ffa68dd&#8221; title_font_size=&#8221;36px&#8221; title_letter_spacing=&#8221;1px&#8221; title_font_size_tablet=&#8221;&#8221; title_font_size_phone=&#8221;35px&#8221; title_font_size_last_edited=&#8221;on|phone&#8221; global_colors_info=&#8221;{%22gcid-3b529bdc-e703-4dd0-a8fa-4a891ffa68dd%22:%91%22title_text_color%22,%22title_text_color%22%93}&#8221;][\/et_pb_heading][\/et_pb_column][\/et_pb_row][et_pb_row column_structure=&#8221;1_3,2_3&#8243; _builder_version=&#8221;4.27.4&#8243; _module_preset=&#8221;default&#8221; global_colors_info=&#8221;{%22gcid-3b529bdc-e703-4dd0-a8fa-4a891ffa68dd%22:%91%22title_text_color%22%93}&#8221; title_text_color=&#8221;gcid-3b529bdc-e703-4dd0-a8fa-4a891ffa68dd&#8221; title_font_size=&#8221;36px&#8221; title_font_size_phone=&#8221;35px&#8221; title_font_size_last_edited=&#8221;on|phone&#8221; title_letter_spacing=&#8221;1px&#8221; title_font_size_tablet=&#8221;36px&#8221;][et_pb_column type=&#8221;1_3&#8243; _builder_version=&#8221;4.27.4&#8243; _module_preset=&#8221;default&#8221; global_colors_info=&#8221;{}&#8221;][\/et_pb_column][et_pb_column type=&#8221;2_3&#8243; _builder_version=&#8221;4.27.4&#8243; _module_preset=&#8221;default&#8221; global_colors_info=&#8221;{}&#8221;][et_pb_text _builder_version=&#8221;4.27.4&#8243; _module_preset=&#8221;default&#8221; text_text_color=&#8221;gcid-3b529bdc-e703-4dd0-a8fa-4a891ffa68dd&#8221; custom_margin=&#8221;0px|||-112px|false|false&#8221; custom_margin_tablet=&#8221;-90px|||55px|false|false&#8221; custom_margin_phone=&#8221;0px|||0px|false|false&#8221; custom_margin_last_edited=&#8221;on|tablet&#8221; global_colors_info=&#8221;{%22gcid-3b529bdc-e703-4dd0-a8fa-4a891ffa68dd%22:%91%22text_text_color%22,%22text_text_color%22,%22text_text_color%22,%22text_text_color%22,%22text_text_color%22,%22text_text_color%22,%22text_text_color%22,%22text_text_color%22%93}&#8221; text_font=&#8221;|300|||||||&#8221; text_font_size=&#8221;18px&#8221; custom_padding=&#8221;||0px|||&#8221;]<\/p>\n<p><span data-contrast=\"none\">W<\/span><span data-contrast=\"none\">ir \u00fcbernehmen Verantwortung f\u00fcr den Erfolg des Projekts. Wir setzen alle Hebel in Bewegung, die notwendig sind, um die Projekte unserer Kunden erfolgreich ins Ziel zu bringen. Sie k\u00f6nnen sich beruhigt eine Auszeit nehmen und nachts gut schlafen, w\u00e4hrend wir uns um alles k\u00fcmmern. Denn bei uns ist jedes Projekt in sicheren H\u00e4nden<\/span><\/p>\n<p>[\/et_pb_text][\/et_pb_column][\/et_pb_row][et_pb_row _builder_version=&#8221;4.27.4&#8243; _module_preset=&#8221;default&#8221; global_colors_info=&#8221;{}&#8221;][et_pb_column type=&#8221;4_4&#8243; _builder_version=&#8221;4.27.4&#8243; _module_preset=&#8221;default&#8221; global_colors_info=&#8221;{}&#8221;][et_pb_heading title=&#8221;Wie machen wir IT-Projektmanagement?&#8221; _builder_version=&#8221;4.27.4&#8243; _module_preset=&#8221;default&#8221; title_text_color=&#8221;gcid-3b529bdc-e703-4dd0-a8fa-4a891ffa68dd&#8221; title_font_size=&#8221;36px&#8221; title_letter_spacing=&#8221;1px&#8221; title_font_size_tablet=&#8221;&#8221; title_font_size_phone=&#8221;35px&#8221; title_font_size_last_edited=&#8221;on|phone&#8221; global_colors_info=&#8221;{%22gcid-3b529bdc-e703-4dd0-a8fa-4a891ffa68dd%22:%91%22title_text_color%22,%22title_text_color%22%93}&#8221;][\/et_pb_heading][\/et_pb_column][\/et_pb_row][et_pb_row column_structure=&#8221;1_3,2_3&#8243; _builder_version=&#8221;4.27.4&#8243; _module_preset=&#8221;default&#8221; global_colors_info=&#8221;{}&#8221;][et_pb_column type=&#8221;1_3&#8243; _builder_version=&#8221;4.27.4&#8243; _module_preset=&#8221;default&#8221; global_colors_info=&#8221;{}&#8221;][\/et_pb_column][et_pb_column type=&#8221;2_3&#8243; _builder_version=&#8221;4.27.4&#8243; _module_preset=&#8221;default&#8221; global_colors_info=&#8221;{}&#8221;][et_pb_text _builder_version=&#8221;4.27.4&#8243; _module_preset=&#8221;default&#8221; text_text_color=&#8221;gcid-3b529bdc-e703-4dd0-a8fa-4a891ffa68dd&#8221; custom_margin=&#8221;0px|||-112px|false|false&#8221; custom_margin_tablet=&#8221;-90px|||55px|false|false&#8221; custom_margin_phone=&#8221;0px|||0px|false|false&#8221; custom_margin_last_edited=&#8221;on|tablet&#8221; global_colors_info=&#8221;{%22gcid-3b529bdc-e703-4dd0-a8fa-4a891ffa68dd%22:%91%22text_text_color%22,%22text_text_color%22,%22text_text_color%22,%22text_text_color%22,%22text_text_color%22,%22text_text_color%22,%22text_text_color%22,%22text_text_color%22%93}&#8221; text_font=&#8221;|300|||||||&#8221; text_font_size=&#8221;18px&#8221; custom_padding=&#8221;||0px|||&#8221;]<\/p>\n<p aria-level=\"4\"><span data-contrast=\"none\">Unser Ansatz im IT-Projektmanagement geht weit \u00fcber standardisierte Methoden hinaus. Jedes Projekt betrachten wir individuell und entwickeln ma\u00dfgeschneiderte Strategien f\u00fcr eine optimale Umsetzung. Dabei setzen wir auf klare Kommunikation, Teamgeist und eine proaktive Herangehensweise, um Herausforderungen fr\u00fchzeitig zu erkennen und zu l\u00f6sen.<\/span><span data-ccp-props=\"{&quot;134245418&quot;:true,&quot;134245529&quot;:true,&quot;335559738&quot;:319,&quot;335559739&quot;:319}\">\u00a0<\/span><\/p>\n<p><span data-contrast=\"none\">Wir sind nicht dogmatisch an eine einzige Methodik gebunden \u2013 je nach Situation und Anforderungen des Kunden arbeiten wir agil, nach dem Wasserfallmodell, hybrid oder mit anderen bew\u00e4hrten Ans\u00e4tzen. Uns ist wichtig, den besten Weg f\u00fcr jedes Projekt zu finden, statt starre Prozesse zu verfolgen.<\/span><span data-ccp-props=\"{&quot;335559738&quot;:240,&quot;335559739&quot;:240}\">\u00a0<\/span><\/p>\n<p><span data-contrast=\"none\">Dank unserer langj\u00e4hrigen Erfahrung in komplexen IT-Projekten, sowie unserer praxisorientierten Herangehensweise sorgen wir daf\u00fcr, dass Ihre Projekte effizient, nachhaltig und erfolgreich umgesetzt werden \u2013 ganz ohne Stress f\u00fcr Sie.<\/span><span data-ccp-props=\"{&quot;335559738&quot;:240,&quot;335559739&quot;:240}\">\u00a0<\/span><\/p>\n<p>[\/et_pb_text][\/et_pb_column][\/et_pb_row][\/et_pb_section][et_pb_section fb_built=&#8221;1&#8243; _builder_version=&#8221;4.27.2&#8243; _module_preset=&#8221;default&#8221; height_tablet=&#8221;780px&#8221; height_phone=&#8221;780px&#8221; height_last_edited=&#8221;on|tablet&#8221; custom_padding=&#8221;0px|||||&#8221; global_colors_info=&#8221;{}&#8221;][et_pb_row column_structure=&#8221;1_2,1_2&#8243; _builder_version=&#8221;4.27.4&#8243; _module_preset=&#8221;default&#8221; width=&#8221;100%&#8221; max_width=&#8221;100%&#8221; min_height=&#8221;148px&#8221; min_height_tablet=&#8221;100px&#8221; min_height_phone=&#8221;100px&#8221; min_height_last_edited=&#8221;on|desktop&#8221; height=&#8221;319px&#8221; height_tablet=&#8221;319px&#8221; height_phone=&#8221;319px&#8221; height_last_edited=&#8221;on|desktop&#8221; custom_margin=&#8221;0px|auto||auto|false|false&#8221; custom_padding=&#8221;0px|||||&#8221; global_colors_info=&#8221;{}&#8221;][et_pb_column type=&#8221;1_2&#8243; _builder_version=&#8221;4.27.2&#8243; _module_preset=&#8221;default&#8221; global_colors_info=&#8221;{}&#8221;][et_pb_slider show_arrows=&#8221;off&#8221; show_pagination=&#8221;off&#8221; _builder_version=&#8221;4.27.4&#8243; _module_preset=&#8221;default&#8221; header_font=&#8221;&#8211;et_global_body_font||||||||&#8221; header_font_size=&#8221;22px&#8221; custom_button=&#8221;on&#8221; button_text_size=&#8221;16px&#8221; button_border_radius=&#8221;15px&#8221; button_font=&#8221;|300|||||||&#8221; z_index=&#8221;-92&#8243; min_height=&#8221;100%&#8221; custom_margin=&#8221;-10px||||false|false&#8221; header_font_size_tablet=&#8221;&#8221; header_font_size_phone=&#8221;&#8221; header_font_size_last_edited=&#8221;on|phone&#8221; border_width_bottom=&#8221;100px&#8221; border_color_bottom=&#8221;gcid-0f21620e-5035-4a76-97c3-a31495561647&#8243; border_width_bottom_tablet=&#8221;20px&#8221; border_width_bottom_phone=&#8221;50px&#8221; border_width_bottom_last_edited=&#8221;on|phone&#8221; global_colors_info=&#8221;{%22gcid-0f21620e-5035-4a76-97c3-a31495561647%22:%91%22border_color_bottom%22%93}&#8221;][et_pb_slide heading=&#8221;KOSTENFREIES PROBEGESPR\u00c4CH&#8221; button_text=&#8221;ANMELDEN&#8221; button_link=&#8221;https:\/\/www.gradientsolutions.io\/?page_id=402&#8243; _builder_version=&#8221;4.27.4&#8243; _module_preset=&#8221;default&#8221; header_font=&#8221;&#8211;et_global_heading_font|600|||||||&#8221; header_letter_spacing=&#8221;5px&#8221; background_color=&#8221;gcid-0f21620e-5035-4a76-97c3-a31495561647&#8243; background_enable_color=&#8221;on&#8221; custom_button=&#8221;on&#8221; button_text_color=&#8221;#000000&#8243; button_bg_color=&#8221;#FFFFFF&#8221; button_border_color=&#8221;#FFFFFF&#8221; button_border_radius=&#8221;8px&#8221; button_letter_spacing=&#8221;4px&#8221; button_font=&#8221;|600|||||||&#8221; button_alignment=&#8221;center&#8221; button_custom_padding=&#8221;11px||11px||true|false&#8221; header_font_size_tablet=&#8221;&#8221; header_font_size_phone=&#8221;24px&#8221; header_font_size_last_edited=&#8221;on|phone&#8221; box_shadow_style_button=&#8221;preset1&#8243; box_shadow_blur_button=&#8221;8px&#8221; box_shadow_spread_button=&#8221;-3px&#8221; global_colors_info=&#8221;{%22gcid-0f21620e-5035-4a76-97c3-a31495561647%22:%91%22background_color%22%93}&#8221; sticky_transition=&#8221;on&#8221;][\/et_pb_slide][\/et_pb_slider][\/et_pb_column][et_pb_column type=&#8221;1_2&#8243; _builder_version=&#8221;4.27.2&#8243; _module_preset=&#8221;default&#8221; global_colors_info=&#8221;{}&#8221;][et_pb_text _builder_version=&#8221;4.27.4&#8243; _module_preset=&#8221;default&#8221; text_font=&#8221;&#8211;et_global_body_font||||||||&#8221; text_font_size=&#8221;18px&#8221; header_font=&#8221;&#8211;et_global_heading_font|700|||||||&#8221; header_font_size=&#8221;22px&#8221; header_letter_spacing=&#8221;1px&#8221; min_height=&#8221;36px&#8221; custom_margin=&#8221;||27px|||&#8221; custom_padding=&#8221;64px|||||&#8221; global_colors_info=&#8221;{}&#8221;]<\/p>\n<h1 style=\"text-align: center;\">GRADIENT SOLUTIONS NEWSLETTER<\/h1>\n<p style=\"text-align: center;\">Melde dich an f\u00fcr die aktuellen Trends in der IT<\/p>\n<p>[\/et_pb_text][et_pb_code _builder_version=&#8221;4.27.2&#8243; _module_preset=&#8221;default&#8221; width=&#8221;2092.9%&#8221; max_width=&#8221;83%&#8221; max_width_tablet=&#8221;57%&#8221; max_width_phone=&#8221;88%&#8221; max_width_last_edited=&#8221;on|desktop&#8221; module_alignment=&#8221;center&#8221; custom_margin=&#8221;|104px||320px||&#8221; custom_padding=&#8221;|0px|48px|0px||&#8221; global_colors_info=&#8221;{}&#8221;]<iframe loading=\"lazy\" src=\"https:\/\/embeds.beehiiv.com\/c5263623-3a3c-4f09-8e98-556d2d6870d8?slim=true\" data-test-id=\"beehiiv-embed\" height=\"52\" width=\"200%\" frameborder=\"0\" scrolling=\"no\" style=\"margin: 0; border-radius: 0px !important; background-color: transparent;\"><\/iframe>[\/et_pb_code][\/et_pb_column][\/et_pb_row][\/et_pb_section]<\/p>\n","protected":false},"excerpt":{"rendered":"<p>Wir \u00fcbernehmen Verantwortung f\u00fcr den Erfolg des Projekts. Wir setzen alle Hebel in Bewegung, die notwendig sind, um die Projekte unserer Kunden erfolgreich ins Ziel zu bringen. Sie k\u00f6nnen sich beruhigt eine Auszeit nehmen und nachts gut schlafen, w\u00e4hrend wir uns um alles k\u00fcmmern. Denn bei uns ist jedes Projekt in sicheren H\u00e4ndenUnser Ansatz im [&hellip;]<\/p>\n","protected":false},"author":2,"featured_media":0,"parent":0,"menu_order":0,"comment_status":"closed","ping_status":"closed","template":"","meta":{"_et_pb_use_builder":"on","_et_pb_old_content":"<!-- wp:divi\/placeholder \/-->","_et_gb_content_width":"","om_disable_all_campaigns":false,"_monsterinsights_skip_tracking":false,"_monsterinsights_sitenote_active":false,"_monsterinsights_sitenote_note":"","_monsterinsights_sitenote_category":0,"footnotes":""},"class_list":["post-1344","page","type-page","status-publish","hentry"],"yoast_head":"<!-- This site is optimized with the Yoast SEO plugin v27.6 - https:\/\/yoast.com\/product\/yoast-seo-wordpress\/ -->\n<title>IT-Projektmanagement - Gradient Solutions<\/title>\n<meta name=\"robots\" content=\"index, follow, max-snippet:-1, max-image-preview:large, max-video-preview:-1\" \/>\n<link rel=\"canonical\" href=\"https:\/\/www.gradientsolutions.io\/de\/it-projektmanagement\/\" \/>\n<meta property=\"og:locale\" content=\"de_DE\" \/>\n<meta property=\"og:type\" content=\"article\" \/>\n<meta property=\"og:title\" content=\"IT-Projektmanagement - Gradient Solutions\" \/>\n<meta property=\"og:description\" content=\"Wir \u00fcbernehmen Verantwortung f\u00fcr den Erfolg des Projekts. Wir setzen alle Hebel in Bewegung, die notwendig sind, um die Projekte unserer Kunden erfolgreich ins Ziel zu bringen. Sie k\u00f6nnen sich beruhigt eine Auszeit nehmen und nachts gut schlafen, w\u00e4hrend wir uns um alles k\u00fcmmern. Denn bei uns ist jedes Projekt in sicheren H\u00e4ndenUnser Ansatz im [&hellip;]\" \/>\n<meta property=\"og:url\" content=\"https:\/\/www.gradientsolutions.io\/de\/it-projektmanagement\/\" \/>\n<meta property=\"og:site_name\" content=\"Gradient Solutions\" \/>\n<meta property=\"article:modified_time\" content=\"2025-05-08T09:39:45+00:00\" \/>\n<meta name=\"twitter:card\" content=\"summary_large_image\" \/>\n<script type=\"application\/ld+json\" class=\"yoast-schema-graph\">{\"@context\":\"https:\\\/\\\/schema.org\",\"@graph\":[{\"@type\":\"WebPage\",\"@id\":\"https:\\\/\\\/www.gradientsolutions.io\\\/it-projektmanagement\\\/\",\"url\":\"https:\\\/\\\/www.gradientsolutions.io\\\/it-projektmanagement\\\/\",\"name\":\"IT-Projektmanagement - Gradient Solutions\",\"isPartOf\":{\"@id\":\"https:\\\/\\\/www.gradientsolutions.io\\\/#website\"},\"datePublished\":\"2025-04-23T12:12:21+00:00\",\"dateModified\":\"2025-05-08T09:39:45+00:00\",\"breadcrumb\":{\"@id\":\"https:\\\/\\\/www.gradientsolutions.io\\\/it-projektmanagement\\\/#breadcrumb\"},\"inLanguage\":\"de-AT\",\"potentialAction\":[{\"@type\":\"ReadAction\",\"target\":[\"https:\\\/\\\/www.gradientsolutions.io\\\/it-projektmanagement\\\/\"]}]},{\"@type\":\"BreadcrumbList\",\"@id\":\"https:\\\/\\\/www.gradientsolutions.io\\\/it-projektmanagement\\\/#breadcrumb\",\"itemListElement\":[{\"@type\":\"ListItem\",\"position\":1,\"name\":\"Home\",\"item\":\"https:\\\/\\\/www.gradientsolutions.io\\\/\"},{\"@type\":\"ListItem\",\"position\":2,\"name\":\"IT-Projektmanagement\"}]},{\"@type\":\"WebSite\",\"@id\":\"https:\\\/\\\/www.gradientsolutions.io\\\/#website\",\"url\":\"https:\\\/\\\/www.gradientsolutions.io\\\/\",\"name\":\"Gradient Solutions\",\"description\":\"\",\"potentialAction\":[{\"@type\":\"SearchAction\",\"target\":{\"@type\":\"EntryPoint\",\"urlTemplate\":\"https:\\\/\\\/www.gradientsolutions.io\\\/?s={search_term_string}\"},\"query-input\":{\"@type\":\"PropertyValueSpecification\",\"valueRequired\":true,\"valueName\":\"search_term_string\"}}],\"inLanguage\":\"de-AT\"}]}<\/script>\n<!-- \/ Yoast SEO plugin. -->","yoast_head_json":{"title":"IT-Projektmanagement - Gradient Solutions","robots":{"index":"index","follow":"follow","max-snippet":"max-snippet:-1","max-image-preview":"max-image-preview:large","max-video-preview":"max-video-preview:-1"},"canonical":"https:\/\/www.gradientsolutions.io\/de\/it-projektmanagement\/","og_locale":"de_DE","og_type":"article","og_title":"IT-Projektmanagement - Gradient Solutions","og_description":"Wir \u00fcbernehmen Verantwortung f\u00fcr den Erfolg des Projekts. Wir setzen alle Hebel in Bewegung, die notwendig sind, um die Projekte unserer Kunden erfolgreich ins Ziel zu bringen. Sie k\u00f6nnen sich beruhigt eine Auszeit nehmen und nachts gut schlafen, w\u00e4hrend wir uns um alles k\u00fcmmern. Denn bei uns ist jedes Projekt in sicheren H\u00e4ndenUnser Ansatz im [&hellip;]","og_url":"https:\/\/www.gradientsolutions.io\/de\/it-projektmanagement\/","og_site_name":"Gradient Solutions","article_modified_time":"2025-05-08T09:39:45+00:00","twitter_card":"summary_large_image","schema":{"@context":"https:\/\/schema.org","@graph":[{"@type":"WebPage","@id":"https:\/\/www.gradientsolutions.io\/it-projektmanagement\/","url":"https:\/\/www.gradientsolutions.io\/it-projektmanagement\/","name":"IT-Projektmanagement - Gradient Solutions","isPartOf":{"@id":"https:\/\/www.gradientsolutions.io\/#website"},"datePublished":"2025-04-23T12:12:21+00:00","dateModified":"2025-05-08T09:39:45+00:00","breadcrumb":{"@id":"https:\/\/www.gradientsolutions.io\/it-projektmanagement\/#breadcrumb"},"inLanguage":"de-AT","potentialAction":[{"@type":"ReadAction","target":["https:\/\/www.gradientsolutions.io\/it-projektmanagement\/"]}]},{"@type":"BreadcrumbList","@id":"https:\/\/www.gradientsolutions.io\/it-projektmanagement\/#breadcrumb","itemListElement":[{"@type":"ListItem","position":1,"name":"Home","item":"https:\/\/www.gradientsolutions.io\/"},{"@type":"ListItem","position":2,"name":"IT-Projektmanagement"}]},{"@type":"WebSite","@id":"https:\/\/www.gradientsolutions.io\/#website","url":"https:\/\/www.gradientsolutions.io\/","name":"Gradient Solutions","description":"","potentialAction":[{"@type":"SearchAction","target":{"@type":"EntryPoint","urlTemplate":"https:\/\/www.gradientsolutions.io\/?s={search_term_string}"},"query-input":{"@type":"PropertyValueSpecification","valueRequired":true,"valueName":"search_term_string"}}],"inLanguage":"de-AT"}]}},"_links":{"self":[{"href":"https:\/\/www.gradientsolutions.io\/de\/wp-json\/wp\/v2\/pages\/1344","targetHints":{"allow":["GET"]}}],"collection":[{"href":"https:\/\/www.gradientsolutions.io\/de\/wp-json\/wp\/v2\/pages"}],"about":[{"href":"https:\/\/www.gradientsolutions.io\/de\/wp-json\/wp\/v2\/types\/page"}],"author":[{"embeddable":true,"href":"https:\/\/www.gradientsolutions.io\/de\/wp-json\/wp\/v2\/users\/2"}],"replies":[{"embeddable":true,"href":"https:\/\/www.gradientsolutions.io\/de\/wp-json\/wp\/v2\/comments?post=1344"}],"version-history":[{"count":6,"href":"https:\/\/www.gradientsolutions.io\/de\/wp-json\/wp\/v2\/pages\/1344\/revisions"}],"predecessor-version":[{"id":1497,"href":"https:\/\/www.gradientsolutions.io\/de\/wp-json\/wp\/v2\/pages\/1344\/revisions\/1497"}],"wp:attachment":[{"href":"https:\/\/www.gradientsolutions.io\/de\/wp-json\/wp\/v2\/media?parent=1344"}],"curies":[{"name":"wp","href":"https:\/\/api.w.org\/{rel}","templated":true}]}}